{"id":10,"date":"2015-11-26T09:01:40","date_gmt":"2015-11-26T09:01:40","guid":{"rendered":"http:\/\/bankgarden.se\/?page_id=10"},"modified":"2026-05-09T14:35:46","modified_gmt":"2026-05-09T14:35:46","slug":"index","status":"publish","type":"page","link":"https:\/\/bankgarden.se\/","title":{"rendered":"Gamla Bankg\u00e5rden i Vrigstad"},"content":{"rendered":"\n<p><img loading=\"lazy\" decoding=\"async\" width=\"350\" height=\"222\" src=\"https:\/\/media.bankgarden.se\/bankutanskylt-1.jpg\" alt=\"\"><br>Den unika Gamla Bankg\u00e5rden i Vrigstad invigdes den 12 november 2003. D\u00e5 hade det tidigare bankmuseet kompletterats med den Dahlska l\u00e4genheten. H\u00e4r inryms bl.a. Sveriges enda bankmuseum p\u00e5 ursprunglig plats.<\/p>\n\n\n\n<p>2022 invigdes v\u00e5r nya utst\u00e4llning&nbsp;<a href=\"http:\/\/bankgarden.se\/?page_id=833\" target=\"_blank\" rel=\"noreferrer noopener\">&#8221;Vrigstadentrepren\u00f6rer &#8211; hur Vrigstad blev Vrigstad&#8221;<\/a>. En ber\u00e4ttelse om Vrigstads historia som du nu kan se p\u00e5 film&nbsp;<a href=\"https:\/\/www.youtube.com\/watch?v=lQTKTO5wjpA\" target=\"_blank\" rel=\"noreferrer noopener\">h\u00e4r<\/a>.<\/p>\n\n\n\n<p><strong>Visning av Bankg\u00e5rden<\/strong><br>Visning av bankmuseet, familjen Dahls sekelskiftesl\u00e4genhet och utst\u00e4llningen om entrepren\u00f6rer i Vrigstad. Entr\u00e9 60 kr. Barn\/ungdom t o m 15 \u00e5r gratis.<br>Du \u00e4r v\u00e4lkommen att boka ett bes\u00f6k f\u00f6r stor eller liten grupp. Kontakta Kerstin 0703-47 17 56 eller via e-post&nbsp;<a href=\"mailto:info@bankgarden.se\">info@bankgarden.se<\/a>.<\/p>\n\n\n\n<p><strong>Sonja Liews broderier ber\u00e4ttar<\/strong><br>Till b\u00f6rjan av september m\u00e5nad kommer vi att visa upp n\u00e5gra av Sonja Liews broderier i Dahls l\u00e4genhet. <br><a href=\"https:\/\/bankgarden.se\/?page_id=1189\" data-type=\"page\" data-id=\"1189\">H\u00e4r<\/a> visas ytterligare bilder p\u00e5 Sonjas broderier.<\/p>\n\n\n\n<figure class=\"wp-block-image size-full\"><img loading=\"lazy\" decoding=\"async\" width=\"700\" height=\"845\" src=\"https:\/\/media.bankgarden.se\/AL.jpg\" alt=\"\" class=\"wp-image-1187\" srcset=\"https:\/\/media.bankgarden.se\/AL.jpg 700w, https:\/\/media.bankgarden.se\/AL-249x300.jpg 249w\" sizes=\"auto, (max-width: 700px) 100vw, 700px\" \/><figcaption class=\"wp-element-caption\">Sonjas fina broderier \u00e4r uppskattade av s\u00e5v\u00e4l ung som gammal.<\/figcaption><\/figure>\n\n\n\n<p><strong>Fr\u00f6ken Dahls kafferep<\/strong><br>Vid egen grupp p\u00e5 10-18 personer kan ni boka valfritt datum. F\u00f6r mindre antal kan vi s\u00e4tta upp er p\u00e5 v\u00e5r v\u00e4ntelista. Vi \u00e5terkommer d\u00e5 n\u00e4r vi har en tillr\u00e4ckligt stor grupp.<br>Pris 150 kr per person. Du kan \u00e4ven k\u00f6pa v\u00e5rt presentkort p\u00e5 150 kr. Kontakta Kerstin 0703-47 17 56 eller via e-post&nbsp;<a href=\"mailto:info@bankgarden.se\">info@bankgarden.se<\/a>.<\/p>\n\n\n\n<p><img loading=\"lazy\" decoding=\"async\" src=\"https:\/\/media.bankgarden.se\/Froken-Dahls-kafferep-2.png\" alt=\"\" width=\"709\" height=\"404\"><br>Upplev Gamla Bankg\u00e5rden genom att avnjuta ett traditionellt kafferep med sju sorters kakor.&nbsp;<a href=\"https:\/\/bankgarden.se\/?page_id=1118\" target=\"_blank\" rel=\"noreferrer noopener\">L\u00e4s mer<\/a>.<\/p>\n\n\n\n<figure class=\"wp-block-image\"><a href=\"https:\/\/media.bankgarden.se\/2015\/12\/Dahl_salen.jpg\"><img loading=\"lazy\" decoding=\"async\" width=\"800\" height=\"529\" src=\"https:\/\/media.bankgarden.se\/2015\/12\/Dahl_salen.jpg\" alt=\"Dahl_salen\" class=\"wp-image-61\" srcset=\"https:\/\/media.bankgarden.se\/2015\/12\/Dahl_salen.jpg 800w, https:\/\/media.bankgarden.se\/2015\/12\/Dahl_salen-300x198.jpg 300w\" sizes=\"auto, (max-width: 800px) 100vw, 800px\" \/><\/a><\/figure>\n\n\n\n<p>P\u00e5 andra v\u00e5ningen i byggnaden&nbsp;kan man&nbsp;g\u00e5 husesyn i en v\u00e5ning fr\u00e5n slutet av 1800-talet som tillh\u00f6rt tidigare kronol\u00e4nsmannen och bankkamreren Alfred Dahl.<\/p>\n\n\n\n<figure class=\"wp-block-image\"><img loading=\"lazy\" decoding=\"async\" width=\"800\" height=\"392\" src=\"https:\/\/media.bankgarden.se\/Mask_sparb.jpg\" alt=\"\" class=\"wp-image-675\" srcset=\"https:\/\/media.bankgarden.se\/Mask_sparb.jpg 800w, https:\/\/media.bankgarden.se\/Mask_sparb-300x147.jpg 300w\" sizes=\"auto, (max-width: 800px) 100vw, 800px\" \/><\/figure>\n\n\n\n<p>Sedan 2007 finns h\u00e4r \u00e4ven ett Maskinmuseum, &#8221;Fr\u00e5n g\u00e5spenna till dator&#8230;&#8221;. I Gamla Bankg\u00e5rden finns \u00e4ven ett mycket stor samling gamla spargrisar i olika former och format &#8211; &#8221;Sparb\u00f6ssan genom tiderna&#8221;.<\/p>\n\n\n\n<p>2022 invigdes en ny permanent utst\u00e4llning som visar att varje bygd har sina m\u00f6jligheter. H\u00e4r belyser Stiftelsen Gamla Bankg\u00e5rden hur Vrigstad, som generellt exempel, genom entrepren\u00f6rskap utvecklats till idag. Enskilda m\u00e4nniskor har genom insatser byggt och omformat samh\u00e4llet. S\u00e5 har skett p\u00e5 m\u00e5nga h\u00e5ll. Vrigstad \u00e4r inte unikt men sp\u00e5ren \u00e4r tydliga och f\u00f6reg\u00e5ngarna k\u00e4nda. Utst\u00e4llningen hylla entrepren\u00f6rer \u00f6ver tid och efterlyser tillkomsten av nya, med b\u00e4rande id\u00e9er f\u00f6r samh\u00e4llsutvecklingen.<\/p>\n\n\n\n<figure class=\"wp-block-image alignnone size-full wp-image-875\"><img loading=\"lazy\" decoding=\"async\" width=\"700\" height=\"382\" src=\"https:\/\/media.bankgarden.se\/220327_2.jpg\" alt=\"\" class=\"wp-image-875\" srcset=\"https:\/\/media.bankgarden.se\/220327_2.jpg 700w, https:\/\/media.bankgarden.se\/220327_2-300x164.jpg 300w\" sizes=\"auto, (max-width: 700px) 100vw, 700px\" \/><figcaption class=\"wp-element-caption\"><span>&nbsp;<\/span>Inger Malm och Kersti Frigert tittar p\u00e5 den nya utst\u00e4llningen som invigdes den 27 mars 2022.<\/figcaption><\/figure>\n\n\n\n<p>En stiftelse med representanter fr\u00e5n Vrigstads hembygdsf\u00f6rening, Vrigstads samh\u00e4llsf\u00f6rening samt Sparbanksstiftelsen Alfa \u00e4ger och driver anl\u00e4ggningen.<br>Satsningen har kunnat ske tack vare omfattande ekonomisk bidrag fr\u00e5n Sparbanksstiftelsen Alfa.<br>Anl\u00e4ggningen drivs p\u00e5 ideell basis, med ett antal lokalt utbildade guider. <\/p>\n\n\n\n<figure class=\"wp-block-image size-full\"><img loading=\"lazy\" decoding=\"async\" width=\"800\" height=\"566\" src=\"https:\/\/media.bankgarden.se\/Kulturarv_2025_800px.jpg\" alt=\"\" class=\"wp-image-1170\" srcset=\"https:\/\/media.bankgarden.se\/Kulturarv_2025_800px.jpg 800w, https:\/\/media.bankgarden.se\/Kulturarv_2025_800px-300x212.jpg 300w\" sizes=\"auto, (max-width: 800px) 100vw, 800px\" \/><figcaption class=\"wp-element-caption\">Expedition Kulturarv.<\/figcaption><\/figure>\n","protected":false},"excerpt":{"rendered":"<p>Den unika Gamla Bankg\u00e5rden i Vrigstad invigdes den 12 november 2003. D\u00e5 hade det tidigare bankmuseet kompletterats med den Dahlska<\/p>\n","protected":false},"author":1,"featured_media":0,"parent":0,"menu_order":0,"comment_status":"closed","ping_status":"closed","template":"","meta":{"colormag_page_container_layout":"default_layout","colormag_page_sidebar_layout":"default_layout","footnotes":""},"class_list":["post-10","page","type-page","status-publish","hentry"],"_links":{"self":[{"href":"https:\/\/bankgarden.se\/index.php?rest_route=\/wp\/v2\/pages\/10","targetHints":{"allow":["GET"]}}],"collection":[{"href":"https:\/\/bankgarden.se\/index.php?rest_route=\/wp\/v2\/pages"}],"about":[{"href":"https:\/\/bankgarden.se\/index.php?rest_route=\/wp\/v2\/types\/page"}],"author":[{"embeddable":true,"href":"https:\/\/bankgarden.se\/index.php?rest_route=\/wp\/v2\/users\/1"}],"replies":[{"embeddable":true,"href":"https:\/\/bankgarden.se\/index.php?rest_route=%2Fwp%2Fv2%2Fcomments&post=10"}],"version-history":[{"count":85,"href":"https:\/\/bankgarden.se\/index.php?rest_route=\/wp\/v2\/pages\/10\/revisions"}],"predecessor-version":[{"id":1200,"href":"https:\/\/bankgarden.se\/index.php?rest_route=\/wp\/v2\/pages\/10\/revisions\/1200"}],"wp:attachment":[{"href":"https:\/\/bankgarden.se\/index.php?rest_route=%2Fwp%2Fv2%2Fmedia&parent=10"}],"curies":[{"name":"wp","href":"https:\/\/api.w.org\/{rel}","templated":true}]}}