{"id":127,"date":"2015-12-02T18:14:29","date_gmt":"2015-12-02T18:14:29","guid":{"rendered":"http:\/\/bankgarden.se\/?page_id=127"},"modified":"2015-12-02T18:14:29","modified_gmt":"2015-12-02T18:14:29","slug":"fran-planka-till-trafigurer","status":"publish","type":"page","link":"https:\/\/bankgarden.se\/?page_id=127","title":{"rendered":"Fr\u00e5n planka till tr\u00e4figurer"},"content":{"rendered":"<p>Under \u00e5r 2008 visades tr\u00e4sniderier av den lokale tr\u00e4snidaren Eric Rundqvist.<\/p>\n<p>Karl Erik Gustaf Rundqvist, f\u00f6ddes i Sunnerby \u00c5g\u00e5rd, Vrigstad socken den 8 november 1915. Han var son till hemmans\u00e4garen Carl Rundqvist och hans hustru Olga. Redan tidigt k\u00e4nde han en obetvinglig lust att med kniv och st\u00e4mj\u00e4rn forma figurer i tr\u00e4, i b\u00f6rjan mest p\u00e5 lek, men leken blev s\u00e5 sm\u00e5ningom ett seri\u00f6st konsthantverk.<\/p>\n<p>Det b\u00f6rjade redan p\u00e5 1930-talet och Erik har ber\u00e4ttat hur han mejslade fram sj\u00e4lvaste Adolf Hitler med sin karakt\u00e4ristiska lugg och mustasch. Sympatin f\u00f6r Adolf svalnade dock d\u00e5 andra v\u00e4rldskriget br\u00f6t ut, och tr\u00e4figuren blev f\u00f6rem\u00e5l f\u00f6r prickskjutning. Under ett antal \u00e5r var Erik bosatt i J\u00f6nk\u00f6ping och Huskvarna men \u00e5terv\u00e4nde till hembygden.<\/p>\n<p>Framf\u00f6r allt \u00e4r det den svenska bondemilj\u00f6n, som Erik lyfter fram i sin konst. Man kan se kompositioner d\u00e4r bonden k\u00f6r med sitt \u00e5rder vid potatiss\u00e4ttning mellan stenbumlingarna i den karga sm\u00e5landsjorden eller bonden p\u00e5 vedlasset eller p\u00e5 v\u00e4g till kvarnen f\u00f6r att mala. Men d\u00e4r finns \u00e4ven \u00e4lgj\u00e4garen i t\u00e5lig v\u00e4ntan p\u00e5 sitt pass eller fiskaren vid pimpelh\u00e5let.<\/p>\n<p>Men \u00e4ven om bondemotiven \u00f6verv\u00e4ger kan man hitta andra yrkeskategorier, som t.ex. skomakaren, m\u00e5laren, banktj\u00e4nstemannen, f\u00f6r att ge n\u00e5gra exempel. Men Erik har \u00e4ven pr\u00f6vat p\u00e5 annat. Vad s\u00e4gs om att g\u00f6ra ett bord av t\u00e4ndstickor? 40.000 t\u00e4ndstickor och 300 arbetstimmar gick det \u00e5t f\u00f6r att framst\u00e4lla bordet. Det blev \u00e4ven ett boksk\u00e5p samt tavlor av t\u00e4ndstickor, som sveddes olika h\u00e5rt f\u00f6r att bilda m\u00f6nster d\u00e5 t\u00e4ndsticka limmades till t\u00e4ndsticka. Erik gick ur tiden 1993.<\/p>\n<p>H\u00e4r visas n\u00e5gra av hans m\u00e5nga alster:<\/p>\n<p><a href=\"https:\/\/media.bankgarden.se\/2015\/12\/Utstall_tra.jpg\"><img loading=\"lazy\" decoding=\"async\" class=\"alignnone size-full wp-image-128\" src=\"https:\/\/media.bankgarden.se\/2015\/12\/Utstall_tra.jpg\" alt=\"Utstall_tra\" width=\"700\" height=\"391\" srcset=\"https:\/\/media.bankgarden.se\/2015\/12\/Utstall_tra.jpg 700w, https:\/\/media.bankgarden.se\/2015\/12\/Utstall_tra-300x168.jpg 300w\" sizes=\"auto, (max-width: 700px) 100vw, 700px\" \/><\/a><\/p>\n<p>Sm\u00e5l\u00e4ndska b\u00f6nder kallas detta verk.<\/p>\n<p><a href=\"https:\/\/media.bankgarden.se\/2015\/12\/Utstall_tra1.jpg\"><img loading=\"lazy\" decoding=\"async\" class=\"alignnone size-full wp-image-129\" src=\"https:\/\/media.bankgarden.se\/2015\/12\/Utstall_tra1.jpg\" alt=\"Utstall_tra1\" width=\"700\" height=\"438\" srcset=\"https:\/\/media.bankgarden.se\/2015\/12\/Utstall_tra1.jpg 700w, https:\/\/media.bankgarden.se\/2015\/12\/Utstall_tra1-300x188.jpg 300w\" sizes=\"auto, (max-width: 700px) 100vw, 700px\" \/><\/a> <a href=\"https:\/\/media.bankgarden.se\/2015\/12\/Utstall_tra2.jpg\"><img loading=\"lazy\" decoding=\"async\" class=\"alignnone size-full wp-image-130\" src=\"https:\/\/media.bankgarden.se\/2015\/12\/Utstall_tra2.jpg\" alt=\"Utstall_tra2\" width=\"700\" height=\"407\" srcset=\"https:\/\/media.bankgarden.se\/2015\/12\/Utstall_tra2.jpg 700w, https:\/\/media.bankgarden.se\/2015\/12\/Utstall_tra2-300x174.jpg 300w\" sizes=\"auto, (max-width: 700px) 100vw, 700px\" \/><\/a><\/p>\n<p><a href=\"https:\/\/media.bankgarden.se\/2015\/12\/Utstall_tra3.jpg\"><img loading=\"lazy\" decoding=\"async\" class=\"alignnone size-full wp-image-131\" src=\"https:\/\/media.bankgarden.se\/2015\/12\/Utstall_tra3.jpg\" alt=\"Utstall_tra3\" width=\"400\" height=\"575\" srcset=\"https:\/\/media.bankgarden.se\/2015\/12\/Utstall_tra3.jpg 400w, https:\/\/media.bankgarden.se\/2015\/12\/Utstall_tra3-209x300.jpg 209w\" sizes=\"auto, (max-width: 400px) 100vw, 400px\" \/><\/a><\/p>\n<p>&nbsp;<\/p>\n","protected":false},"excerpt":{"rendered":"<p>Under \u00e5r 2008 visades tr\u00e4sniderier av den lokale tr\u00e4snidaren Eric Rundqvist. Karl Erik Gustaf Rundqvist, f\u00f6ddes i Sunnerby \u00c5g\u00e5rd, Vrigstad<\/p>\n","protected":false},"author":1,"featured_media":0,"parent":0,"menu_order":0,"comment_status":"closed","ping_status":"closed","template":"","meta":{"colormag_page_container_layout":"default_layout","colormag_page_sidebar_layout":"default_layout","footnotes":""},"class_list":["post-127","page","type-page","status-publish","hentry"],"_links":{"self":[{"href":"https:\/\/bankgarden.se\/index.php?rest_route=\/wp\/v2\/pages\/127","targetHints":{"allow":["GET"]}}],"collection":[{"href":"https:\/\/bankgarden.se\/index.php?rest_route=\/wp\/v2\/pages"}],"about":[{"href":"https:\/\/bankgarden.se\/index.php?rest_route=\/wp\/v2\/types\/page"}],"author":[{"embeddable":true,"href":"https:\/\/bankgarden.se\/index.php?rest_route=\/wp\/v2\/users\/1"}],"replies":[{"embeddable":true,"href":"https:\/\/bankgarden.se\/index.php?rest_route=%2Fwp%2Fv2%2Fcomments&post=127"}],"version-history":[{"count":1,"href":"https:\/\/bankgarden.se\/index.php?rest_route=\/wp\/v2\/pages\/127\/revisions"}],"predecessor-version":[{"id":132,"href":"https:\/\/bankgarden.se\/index.php?rest_route=\/wp\/v2\/pages\/127\/revisions\/132"}],"wp:attachment":[{"href":"https:\/\/bankgarden.se\/index.php?rest_route=%2Fwp%2Fv2%2Fmedia&parent=127"}],"curies":[{"name":"wp","href":"https:\/\/api.w.org\/{rel}","templated":true}]}}