{"id":134,"date":"2015-12-02T18:40:56","date_gmt":"2015-12-02T18:40:56","guid":{"rendered":"http:\/\/bankgarden.se\/?page_id=134"},"modified":"2015-12-26T08:22:24","modified_gmt":"2015-12-26T08:22:24","slug":"handelns-och-penningarnas-historia","status":"publish","type":"page","link":"https:\/\/bankgarden.se\/?page_id=134","title":{"rendered":"Handelns och penningarnas historia"},"content":{"rendered":"<p>Under \u00e5r 2009 visades utst\u00e4llningen &#8221;Handelns och penningarnas historia &#8211; fr\u00e5n Hedenh\u00f6s till \u00e5r 2100.&#8221; \u00a0Utst\u00e4llningen\u00a0var ett samarbete mellan Stiftelsen Gamla Bankg\u00e5rden och DATASAAB:s v\u00e4nner.<a href=\"https:\/\/media.bankgarden.se\/2015\/12\/Utstall_penn1.jpg\"><img loading=\"lazy\" decoding=\"async\" class=\"alignnone size-full wp-image-135\" src=\"https:\/\/media.bankgarden.se\/2015\/12\/Utstall_penn1.jpg\" alt=\"Utstall_penn1\" width=\"700\" height=\"353\" srcset=\"https:\/\/media.bankgarden.se\/2015\/12\/Utstall_penn1.jpg 700w, https:\/\/media.bankgarden.se\/2015\/12\/Utstall_penn1-300x151.jpg 300w\" sizes=\"auto, (max-width: 700px) 100vw, 700px\" \/><\/a>Utst\u00e4llningen best\u00e5r dels av en monter med gamla mynt och sedlar som stiftelsen f\u00e5tt l\u00e5na av Eskil \u00d6rskog och dels av en utst\u00e4llning d\u00e4r man med hj\u00e4lp av en tidslinje kan f\u00f6lja utvecklingen fr\u00e5n byteshandel till datoriseringen av penninghanteringen.<\/p>\n<p><a href=\"https:\/\/media.bankgarden.se\/2015\/12\/Utstall_penn2.jpg\"><img loading=\"lazy\" decoding=\"async\" class=\"size-full wp-image-136 alignleft\" src=\"https:\/\/media.bankgarden.se\/2015\/12\/Utstall_penn2.jpg\" alt=\"Utstall_penn2\" width=\"400\" height=\"588\" srcset=\"https:\/\/media.bankgarden.se\/2015\/12\/Utstall_penn2.jpg 400w, https:\/\/media.bankgarden.se\/2015\/12\/Utstall_penn2-204x300.jpg 204w\" sizes=\"auto, (max-width: 400px) 100vw, 400px\" \/><\/a><\/p>\n<p>Redan p\u00e5 neandertalm\u00e4nniskans tid kanske man hade byteshandel.&#8221;Din hare mot mitt skinn&#8221; &#8211; var ett s\u00e4tt att skaffa de varor man beh\u00f6vde.<\/p>\n<p><a href=\"https:\/\/media.bankgarden.se\/2015\/12\/Utstall_penn3.jpg\"><img loading=\"lazy\" decoding=\"async\" class=\"alignnone size-full wp-image-137\" src=\"https:\/\/media.bankgarden.se\/2015\/12\/Utstall_penn3.jpg\" alt=\"Utstall_penn3\" width=\"700\" height=\"452\" srcset=\"https:\/\/media.bankgarden.se\/2015\/12\/Utstall_penn3.jpg 700w, https:\/\/media.bankgarden.se\/2015\/12\/Utstall_penn3-300x194.jpg 300w\" sizes=\"auto, (max-width: 700px) 100vw, 700px\" \/><\/a>Utefter en tidslinje kan man f\u00f6lja utvecklingen. I utst\u00e4llningen har man bl.a. med en karvstock. L\u00e5ngt innan m\u00e4nniskan uppfann siffror kunde man r\u00e4kna. Med en karvstock av tr\u00e4 eller ben kunde man t.ex. markera antalet djur man samlade in.<\/p>\n<p><a href=\"https:\/\/media.bankgarden.se\/2015\/12\/Utstall_penn4.jpg\"><img loading=\"lazy\" decoding=\"async\" class=\"size-full wp-image-138 alignleft\" src=\"https:\/\/media.bankgarden.se\/2015\/12\/Utstall_penn4.jpg\" alt=\"Utstall_penn4\" width=\"400\" height=\"424\" srcset=\"https:\/\/media.bankgarden.se\/2015\/12\/Utstall_penn4.jpg 400w, https:\/\/media.bankgarden.se\/2015\/12\/Utstall_penn4-283x300.jpg 283w\" sizes=\"auto, (max-width: 400px) 100vw, 400px\" \/><\/a>Att handla p\u00e5 marknaden var ett bra s\u00e4tt att skaffa sig varor. Vrigstads marknad \u00e4r lika ur\u00e5ldrig som ber\u00f6md.Redan 1177 omn\u00e4mns Vrigstad som Njudungs k\u00f6pstad, men handel har med stor s\u00e4kerhet bedrivits h\u00e4r \u00e4nnu tidigare.<\/p>\n<p><a href=\"https:\/\/media.bankgarden.se\/2015\/12\/Utstall_penn5.jpg\"><img loading=\"lazy\" decoding=\"async\" class=\"size-full wp-image-139 alignright\" src=\"https:\/\/media.bankgarden.se\/2015\/12\/Utstall_penn5.jpg\" alt=\"Utstall_penn5\" width=\"400\" height=\"177\" srcset=\"https:\/\/media.bankgarden.se\/2015\/12\/Utstall_penn5.jpg 400w, https:\/\/media.bankgarden.se\/2015\/12\/Utstall_penn5-300x133.jpg 300w\" sizes=\"auto, (max-width: 400px) 100vw, 400px\" \/><\/a><\/p>\n<p>&nbsp;<\/p>\n<p>&nbsp;<\/p>\n<p>&nbsp;<\/p>\n<p>&nbsp;<\/p>\n<p>&nbsp;<\/p>\n<p>&nbsp;<\/p>\n<p>P\u00e5 utst\u00e4llningen finns \u00e4ven en kopia av v\u00e4rldens st\u00f6rsta mynt. Det v\u00e4ger 19,7 kg och motsvarar 10 daler silvermynt.<\/p>\n","protected":false},"excerpt":{"rendered":"<p>Under \u00e5r 2009 visades utst\u00e4llningen &#8221;Handelns och penningarnas historia &#8211; fr\u00e5n Hedenh\u00f6s till \u00e5r 2100.&#8221; \u00a0Utst\u00e4llningen\u00a0var ett samarbete mellan Stiftelsen<\/p>\n","protected":false},"author":1,"featured_media":0,"parent":0,"menu_order":0,"comment_status":"closed","ping_status":"closed","template":"","meta":{"colormag_page_container_layout":"default_layout","colormag_page_sidebar_layout":"default_layout","footnotes":""},"class_list":["post-134","page","type-page","status-publish","hentry"],"_links":{"self":[{"href":"https:\/\/bankgarden.se\/index.php?rest_route=\/wp\/v2\/pages\/134","targetHints":{"allow":["GET"]}}],"collection":[{"href":"https:\/\/bankgarden.se\/index.php?rest_route=\/wp\/v2\/pages"}],"about":[{"href":"https:\/\/bankgarden.se\/index.php?rest_route=\/wp\/v2\/types\/page"}],"author":[{"embeddable":true,"href":"https:\/\/bankgarden.se\/index.php?rest_route=\/wp\/v2\/users\/1"}],"replies":[{"embeddable":true,"href":"https:\/\/bankgarden.se\/index.php?rest_route=%2Fwp%2Fv2%2Fcomments&post=134"}],"version-history":[{"count":3,"href":"https:\/\/bankgarden.se\/index.php?rest_route=\/wp\/v2\/pages\/134\/revisions"}],"predecessor-version":[{"id":356,"href":"https:\/\/bankgarden.se\/index.php?rest_route=\/wp\/v2\/pages\/134\/revisions\/356"}],"wp:attachment":[{"href":"https:\/\/bankgarden.se\/index.php?rest_route=%2Fwp%2Fv2%2Fmedia&parent=134"}],"curies":[{"name":"wp","href":"https:\/\/api.w.org\/{rel}","templated":true}]}}