{"id":148,"date":"2015-12-02T19:36:15","date_gmt":"2015-12-02T19:36:15","guid":{"rendered":"http:\/\/bankgarden.se\/?page_id=148"},"modified":"2015-12-02T19:36:26","modified_gmt":"2015-12-02T19:36:26","slug":"lyxtelegram-under-100-ar","status":"publish","type":"page","link":"https:\/\/bankgarden.se\/?page_id=148","title":{"rendered":"Lyxtelegram under 100 \u00e5r"},"content":{"rendered":"<p>Under \u00e5r 2013 visade Gamla Bankg\u00e5rden upp telegram &#8211; under rubriken &#8221;Det svenska telegrammet &#8211; Lyxtelegram under 100 \u00e5r&#8221;. Till utst\u00e4llningen hade vi f\u00e5tt l\u00e5na ett stort antal telegram &#8211; gamla som nya. I utst\u00e4llningen fanns bl.a. ett par v\u00e4ggar fyllda av olika telegram.<\/p>\n<p><a href=\"https:\/\/media.bankgarden.se\/2015\/12\/Utstall_teleg1.jpg\"><img loading=\"lazy\" decoding=\"async\" class=\"alignnone size-full wp-image-149\" src=\"https:\/\/media.bankgarden.se\/2015\/12\/Utstall_teleg1.jpg\" alt=\"KMBT_C284-20130219153847\" width=\"600\" height=\"848\" srcset=\"https:\/\/media.bankgarden.se\/2015\/12\/Utstall_teleg1.jpg 600w, https:\/\/media.bankgarden.se\/2015\/12\/Utstall_teleg1-212x300.jpg 212w\" sizes=\"auto, (max-width: 600px) 100vw, 600px\" \/><\/a><\/p>\n<p><a href=\"https:\/\/media.bankgarden.se\/2015\/12\/Utstall_teleg2.jpg\"><img loading=\"lazy\" decoding=\"async\" class=\"alignnone size-full wp-image-150\" src=\"https:\/\/media.bankgarden.se\/2015\/12\/Utstall_teleg2.jpg\" alt=\"Utstall_teleg2\" width=\"700\" height=\"444\" srcset=\"https:\/\/media.bankgarden.se\/2015\/12\/Utstall_teleg2.jpg 700w, https:\/\/media.bankgarden.se\/2015\/12\/Utstall_teleg2-300x190.jpg 300w\" sizes=\"auto, (max-width: 700px) 100vw, 700px\" \/><\/a><\/p>\n<p><a href=\"https:\/\/media.bankgarden.se\/2015\/12\/Utstall_teleg3.jpg\"><img loading=\"lazy\" decoding=\"async\" class=\"size-full wp-image-151 alignleft\" src=\"https:\/\/media.bankgarden.se\/2015\/12\/Utstall_teleg3.jpg\" alt=\"Utstall_teleg3\" width=\"400\" height=\"475\" srcset=\"https:\/\/media.bankgarden.se\/2015\/12\/Utstall_teleg3.jpg 400w, https:\/\/media.bankgarden.se\/2015\/12\/Utstall_teleg3-253x300.jpg 253w\" sizes=\"auto, (max-width: 400px) 100vw, 400px\" \/><\/a><\/p>\n<p>En del br\u00f6llopstelegram har vi kompletterat med br\u00f6llopsfoto fr\u00e5n bl.a. Vrigstads hembygdsf\u00f6renings bildarkiv.<\/p>\n<p>&nbsp;<\/p>\n<p>&nbsp;<\/p>\n<p>&nbsp;<\/p>\n<p>&nbsp;<\/p>\n<p>&nbsp;<\/p>\n<p>&nbsp;<\/p>\n<p>&nbsp;<\/p>\n<p>&nbsp;<\/p>\n<p>&nbsp;<\/p>\n<p><a href=\"https:\/\/media.bankgarden.se\/2015\/12\/Utstall_teleg4.jpg\"><img loading=\"lazy\" decoding=\"async\" class=\"size-full wp-image-152 alignright\" src=\"https:\/\/media.bankgarden.se\/2015\/12\/Utstall_teleg4.jpg\" alt=\"Utstall_teleg4\" width=\"400\" height=\"524\" srcset=\"https:\/\/media.bankgarden.se\/2015\/12\/Utstall_teleg4.jpg 400w, https:\/\/media.bankgarden.se\/2015\/12\/Utstall_teleg4-229x300.jpg 229w\" sizes=\"auto, (max-width: 400px) 100vw, 400px\" \/><\/a><\/p>\n<p>I utst\u00e4llningen finns en del mer udda telegram. H\u00e4r \u00e4r ett exempel p\u00e5 ett Jul-Telegram.<\/p>\n","protected":false},"excerpt":{"rendered":"<p>Under \u00e5r 2013 visade Gamla Bankg\u00e5rden upp telegram &#8211; under rubriken &#8221;Det svenska telegrammet &#8211; Lyxtelegram under 100 \u00e5r&#8221;. Till<\/p>\n","protected":false},"author":1,"featured_media":0,"parent":0,"menu_order":0,"comment_status":"closed","ping_status":"closed","template":"","meta":{"colormag_page_container_layout":"default_layout","colormag_page_sidebar_layout":"default_layout","footnotes":""},"class_list":["post-148","page","type-page","status-publish","hentry"],"_links":{"self":[{"href":"https:\/\/bankgarden.se\/index.php?rest_route=\/wp\/v2\/pages\/148","targetHints":{"allow":["GET"]}}],"collection":[{"href":"https:\/\/bankgarden.se\/index.php?rest_route=\/wp\/v2\/pages"}],"about":[{"href":"https:\/\/bankgarden.se\/index.php?rest_route=\/wp\/v2\/types\/page"}],"author":[{"embeddable":true,"href":"https:\/\/bankgarden.se\/index.php?rest_route=\/wp\/v2\/users\/1"}],"replies":[{"embeddable":true,"href":"https:\/\/bankgarden.se\/index.php?rest_route=%2Fwp%2Fv2%2Fcomments&post=148"}],"version-history":[{"count":1,"href":"https:\/\/bankgarden.se\/index.php?rest_route=\/wp\/v2\/pages\/148\/revisions"}],"predecessor-version":[{"id":153,"href":"https:\/\/bankgarden.se\/index.php?rest_route=\/wp\/v2\/pages\/148\/revisions\/153"}],"wp:attachment":[{"href":"https:\/\/bankgarden.se\/index.php?rest_route=%2Fwp%2Fv2%2Fmedia&parent=148"}],"curies":[{"name":"wp","href":"https:\/\/api.w.org\/{rel}","templated":true}]}}