{"id":156,"date":"2015-12-03T15:07:54","date_gmt":"2015-12-03T15:07:54","guid":{"rendered":"http:\/\/bankgarden.se\/?page_id=156"},"modified":"2015-12-03T15:07:54","modified_gmt":"2015-12-03T15:07:54","slug":"lyckoslanten-80-ar","status":"publish","type":"page","link":"https:\/\/bankgarden.se\/?page_id=156","title":{"rendered":"Lyckoslanten 80 \u00e5r"},"content":{"rendered":"<p>Gamla Bankg\u00e5rden i Vrigstad har f\u00e5tt en n\u00e4stan komplett samling av tidningen Lyckoslanten. Under \u00e5r 2006 visades en utst\u00e4llning om tidningens utveckling fr\u00e5n dess b\u00f6rjan p\u00e5 1920-talet fram till dagens utg\u00e5va. <a href=\"https:\/\/media.bankgarden.se\/2015\/12\/Utstall_lycko1.jpg\"><img loading=\"lazy\" decoding=\"async\" class=\"alignnone size-full wp-image-157\" src=\"https:\/\/media.bankgarden.se\/2015\/12\/Utstall_lycko1.jpg\" alt=\"Utstall_lycko1\" width=\"700\" height=\"502\" srcset=\"https:\/\/media.bankgarden.se\/2015\/12\/Utstall_lycko1.jpg 700w, https:\/\/media.bankgarden.se\/2015\/12\/Utstall_lycko1-300x215.jpg 300w\" sizes=\"auto, (max-width: 700px) 100vw, 700px\" \/><\/a><\/p>\n<p>Barbro Lindegren visar upp en samlingsbok med Lyckoslanten, framf\u00f6r n\u00e5gra av utst\u00e4llningssk\u00e4rmarna.<\/p>\n<p><a href=\"https:\/\/media.bankgarden.se\/2015\/12\/Utstall_lycko2.jpg\"><img loading=\"lazy\" decoding=\"async\" class=\"size-full wp-image-158 alignleft\" src=\"https:\/\/media.bankgarden.se\/2015\/12\/Utstall_lycko2.jpg\" alt=\"Utstall_lycko2\" width=\"400\" height=\"374\" srcset=\"https:\/\/media.bankgarden.se\/2015\/12\/Utstall_lycko2.jpg 400w, https:\/\/media.bankgarden.se\/2015\/12\/Utstall_lycko2-300x281.jpg 300w\" sizes=\"auto, (max-width: 400px) 100vw, 400px\" \/><br \/>\n<\/a><\/p>\n<p>Sonja Liew har tagit plats i den gamla skolb\u00e4nken p\u00e5 utst\u00e4llningen.<\/p>\n<p>&nbsp;<\/p>\n<p>&nbsp;<\/p>\n<p>&nbsp;<\/p>\n<p>&nbsp;<\/p>\n<p>&nbsp;<\/p>\n<p>&nbsp;<\/p>\n<p><a href=\"https:\/\/media.bankgarden.se\/2015\/12\/Utstall_lycko3.jpg\"><img loading=\"lazy\" decoding=\"async\" class=\"alignnone size-full wp-image-159\" src=\"https:\/\/media.bankgarden.se\/2015\/12\/Utstall_lycko3.jpg\" alt=\"Utstall_lycko3\" width=\"700\" height=\"464\" srcset=\"https:\/\/media.bankgarden.se\/2015\/12\/Utstall_lycko3.jpg 700w, https:\/\/media.bankgarden.se\/2015\/12\/Utstall_lycko3-300x199.jpg 300w\" sizes=\"auto, (max-width: 700px) 100vw, 700px\" \/><\/a><\/p>\n<p>Sonja Liew och Barbro Lindegren visar upp delar av utst\u00e4llningen.<\/p>\n<p><a href=\"https:\/\/media.bankgarden.se\/2015\/12\/Utstall_lycko4.jpg\"><img loading=\"lazy\" decoding=\"async\" class=\"size-full wp-image-160 alignright\" src=\"https:\/\/media.bankgarden.se\/2015\/12\/Utstall_lycko4.jpg\" alt=\"Utstall_lycko4\" width=\"450\" height=\"668\" srcset=\"https:\/\/media.bankgarden.se\/2015\/12\/Utstall_lycko4.jpg 450w, https:\/\/media.bankgarden.se\/2015\/12\/Utstall_lycko4-202x300.jpg 202w\" sizes=\"auto, (max-width: 450px) 100vw, 450px\" \/><br \/>\n<\/a><\/p>\n<p>Kopior av Lyckoslanten fr\u00e5n \u00e5r 1927 visar den tidens artiklar som bl.a. handlade om julklappstips.<\/p>\n","protected":false},"excerpt":{"rendered":"<p>Gamla Bankg\u00e5rden i Vrigstad har f\u00e5tt en n\u00e4stan komplett samling av tidningen Lyckoslanten. Under \u00e5r 2006 visades en utst\u00e4llning om<\/p>\n","protected":false},"author":1,"featured_media":0,"parent":0,"menu_order":0,"comment_status":"closed","ping_status":"closed","template":"","meta":{"colormag_page_container_layout":"default_layout","colormag_page_sidebar_layout":"default_layout","footnotes":""},"class_list":["post-156","page","type-page","status-publish","hentry"],"_links":{"self":[{"href":"https:\/\/bankgarden.se\/index.php?rest_route=\/wp\/v2\/pages\/156","targetHints":{"allow":["GET"]}}],"collection":[{"href":"https:\/\/bankgarden.se\/index.php?rest_route=\/wp\/v2\/pages"}],"about":[{"href":"https:\/\/bankgarden.se\/index.php?rest_route=\/wp\/v2\/types\/page"}],"author":[{"embeddable":true,"href":"https:\/\/bankgarden.se\/index.php?rest_route=\/wp\/v2\/users\/1"}],"replies":[{"embeddable":true,"href":"https:\/\/bankgarden.se\/index.php?rest_route=%2Fwp%2Fv2%2Fcomments&post=156"}],"version-history":[{"count":1,"href":"https:\/\/bankgarden.se\/index.php?rest_route=\/wp\/v2\/pages\/156\/revisions"}],"predecessor-version":[{"id":161,"href":"https:\/\/bankgarden.se\/index.php?rest_route=\/wp\/v2\/pages\/156\/revisions\/161"}],"wp:attachment":[{"href":"https:\/\/bankgarden.se\/index.php?rest_route=%2Fwp%2Fv2%2Fmedia&parent=156"}],"curies":[{"name":"wp","href":"https:\/\/api.w.org\/{rel}","templated":true}]}}