{"id":182,"date":"2015-12-03T20:58:23","date_gmt":"2015-12-03T20:58:23","guid":{"rendered":"http:\/\/bankgarden.se\/?page_id=182"},"modified":"2015-12-03T20:58:23","modified_gmt":"2015-12-03T20:58:23","slug":"sa-var-barnen-kladda-1850","status":"publish","type":"page","link":"https:\/\/bankgarden.se\/?page_id=182","title":{"rendered":"S\u00e5 var barnen kl\u00e4dda 1850"},"content":{"rendered":"<p>Att vara barn p\u00e5 mitten av 1850-talet var helt annorlunda \u00e4n att vara barn i dag. M\u00e5nga m\u00e4nniskor var fattiga, en del hade det b\u00e4ttre och n\u00e5gra f\u00e5 var mycket rika. D\u00e4rf\u00f6r var det stora olikheter i milj\u00f6n som barn v\u00e4xte upp i, skillnader i bost\u00e4der, mat, utbildning och kl\u00e4der. Hade man det bra st\u00e4llt ville man g\u00e4rna visa det. Ett s\u00e4tt var att markera det genom sin kl\u00e4dsel. Kl\u00e4derna blev ett s\u00e4rm\u00e4rke som visade var p\u00e5 samh\u00e4llets rangskala man befann sig.<\/p>\n<p>Det var inte bara stor skillnad i kl\u00e4dsel mellan fattig och rik, utan ocks\u00e5 mellan pojke och flicka och mellan stor och liten. Dessa olikheter i s\u00e4ttet att kl\u00e4 sig visas i utst\u00e4llningens dockpar.<\/p>\n<p><a href=\"https:\/\/media.bankgarden.se\/2015\/12\/Utstall_barn1.jpg\"><img loading=\"lazy\" decoding=\"async\" class=\"alignnone size-full wp-image-183\" src=\"https:\/\/media.bankgarden.se\/2015\/12\/Utstall_barn1.jpg\" alt=\"Utstall_barn1\" width=\"700\" height=\"444\" srcset=\"https:\/\/media.bankgarden.se\/2015\/12\/Utstall_barn1.jpg 700w, https:\/\/media.bankgarden.se\/2015\/12\/Utstall_barn1-300x190.jpg 300w\" sizes=\"auto, (max-width: 700px) 100vw, 700px\" \/><\/a><\/p>\n<p>Malena Svensson, en av Bankg\u00e5rdens guider, visar upp en dockorna med <strong>allmogens dr\u00e4kt<\/strong> p\u00e5 sig. P\u00e5 vissa platser bland allmogen, dvs den jordbrukande befolkningen, dr\u00f6jde ett \u00e5lderdomligt s\u00e4tt att kl\u00e4 sig kvar. Samma dr\u00e4ktskick gick i arv fr\u00e5n generation till generation. Vi kallar idag s\u00e5dana kl\u00e4der f\u00f6r folkdr\u00e4kter.<\/p>\n<p>Pojken har en dr\u00e4kt fr\u00e5n D\u00e4desj\u00f6 socken i Uppvidinge h\u00e4rad. Han har linneskjorta och yllev\u00e4st och byxor av s\u00e4mskat skinn. De m\u00e5nga blanka knapparna visar att det \u00e4r hans finkl\u00e4der.<\/p>\n<p><a href=\"https:\/\/media.bankgarden.se\/2015\/12\/Utstall_barn2.jpg\"><img loading=\"lazy\" decoding=\"async\" class=\"alignnone size-full wp-image-184\" src=\"https:\/\/media.bankgarden.se\/2015\/12\/Utstall_barn2.jpg\" alt=\"Utstall_barn2\" width=\"700\" height=\"448\" srcset=\"https:\/\/media.bankgarden.se\/2015\/12\/Utstall_barn2.jpg 700w, https:\/\/media.bankgarden.se\/2015\/12\/Utstall_barn2-300x192.jpg 300w\" sizes=\"auto, (max-width: 700px) 100vw, 700px\" \/><\/a><\/p>\n<p><strong>Lindebarn<\/strong> Det nyf\u00f6dda barnet kl\u00e4ddes n\u00e4rmast kroppen i mjuka linnetyger, stj\u00e4rtlapp, skjorta och tr\u00f6ja och sveptes i bl\u00f6ja och mantel, dvs fyrkantiga tygstycken. Dessa plagg h\u00f6lls p\u00e5 plats av en 2-3 meter l\u00e5nga lista som lindades ganska fast runt kroppen. P\u00e5 senare tid fick barnet ha armarna fria. Man lindade barnet dels f\u00f6r att h\u00e5lla kl\u00e4derna p\u00e5 plats och f\u00f6r att det inte skulle kunna sparka av sig i den ofta kalla bostaden. Man trodde ocks\u00e5 att barnen skulle f\u00e5 rakare armar och ben av att lindas. P\u00e5 m\u00f6ssan kunde man se om det var en pojke eller en flicka. Pojkens m\u00f6ssa syddes av fem-sex tygbitar och flickans av tre.<\/p>\n<p><a href=\"https:\/\/media.bankgarden.se\/2015\/12\/Utstall_barn3.jpg\"><img loading=\"lazy\" decoding=\"async\" class=\"size-full wp-image-185 alignleft\" src=\"https:\/\/media.bankgarden.se\/2015\/12\/Utstall_barn3.jpg\" alt=\"Utstall_barn3\" width=\"350\" height=\"439\" srcset=\"https:\/\/media.bankgarden.se\/2015\/12\/Utstall_barn3.jpg 350w, https:\/\/media.bankgarden.se\/2015\/12\/Utstall_barn3-239x300.jpg 239w\" sizes=\"auto, (max-width: 350px) 100vw, 350px\" \/><\/a><\/p>\n<p><strong>Halvv\u00e4xtlingar<\/strong> N\u00e4r barnen b\u00f6rjade skolan fick de ungef\u00e4r likadana kl\u00e4der som de vuxna. Det kallades f\u00f6r att vara &#8221;halvv\u00e4xtling&#8221; och de skulle kunna utf\u00f6ra en hel del sysslor.<\/p>\n<p>Flickorna fick hj\u00e4lpa till i hush\u00e5llet, de fick passa sina sm\u00e5syskon, de skulle kunna karda och spinna och kanske mj\u00f6lka kor och getter.<\/p>\n<p>Pojkarna hj\u00e4lpte till p\u00e5 \u00e5kern och i skogen, de fick hugga ved och tr\u00f6ska. Ibland fick barnen hj\u00e4lpa till med f\u00f6rs\u00f6rjningen genom att ta arbete som t.ex. vallpojke eller barnpiga. Som l\u00f6n fick de ofta bara maten.<\/p>\n<p>&nbsp;<\/p>\n<p><a href=\"https:\/\/media.bankgarden.se\/2015\/12\/Utstall_barn4.jpg\"><img loading=\"lazy\" decoding=\"async\" class=\"alignnone size-full wp-image-186\" src=\"https:\/\/media.bankgarden.se\/2015\/12\/Utstall_barn4.jpg\" alt=\"Utstall_barn4\" width=\"700\" height=\"316\" srcset=\"https:\/\/media.bankgarden.se\/2015\/12\/Utstall_barn4.jpg 700w, https:\/\/media.bankgarden.se\/2015\/12\/Utstall_barn4-300x135.jpg 300w\" sizes=\"auto, (max-width: 700px) 100vw, 700px\" \/><\/a><\/p>\n<p>Bland \u00f6vriga dockor finns \u00e4ven koltbarn, Barn i staden och &#8221;B\u00e4ttre man barn&#8221; &#8211; som visar p\u00e5 respektive grupps kl\u00e4der.<\/p>\n","protected":false},"excerpt":{"rendered":"<p>Att vara barn p\u00e5 mitten av 1850-talet var helt annorlunda \u00e4n att vara barn i dag. M\u00e5nga m\u00e4nniskor var fattiga,<\/p>\n","protected":false},"author":1,"featured_media":0,"parent":0,"menu_order":0,"comment_status":"closed","ping_status":"closed","template":"","meta":{"colormag_page_container_layout":"default_layout","colormag_page_sidebar_layout":"default_layout","footnotes":""},"class_list":["post-182","page","type-page","status-publish","hentry"],"_links":{"self":[{"href":"https:\/\/bankgarden.se\/index.php?rest_route=\/wp\/v2\/pages\/182","targetHints":{"allow":["GET"]}}],"collection":[{"href":"https:\/\/bankgarden.se\/index.php?rest_route=\/wp\/v2\/pages"}],"about":[{"href":"https:\/\/bankgarden.se\/index.php?rest_route=\/wp\/v2\/types\/page"}],"author":[{"embeddable":true,"href":"https:\/\/bankgarden.se\/index.php?rest_route=\/wp\/v2\/users\/1"}],"replies":[{"embeddable":true,"href":"https:\/\/bankgarden.se\/index.php?rest_route=%2Fwp%2Fv2%2Fcomments&post=182"}],"version-history":[{"count":1,"href":"https:\/\/bankgarden.se\/index.php?rest_route=\/wp\/v2\/pages\/182\/revisions"}],"predecessor-version":[{"id":187,"href":"https:\/\/bankgarden.se\/index.php?rest_route=\/wp\/v2\/pages\/182\/revisions\/187"}],"wp:attachment":[{"href":"https:\/\/bankgarden.se\/index.php?rest_route=%2Fwp%2Fv2%2Fmedia&parent=182"}],"curies":[{"name":"wp","href":"https:\/\/api.w.org\/{rel}","templated":true}]}}