{"id":189,"date":"2015-12-08T16:38:38","date_gmt":"2015-12-08T16:38:38","guid":{"rendered":"http:\/\/bankgarden.se\/?page_id=189"},"modified":"2015-12-08T16:40:33","modified_gmt":"2015-12-08T16:40:33","slug":"skolplanschen-i-vara-hjartan","status":"publish","type":"page","link":"https:\/\/bankgarden.se\/?page_id=189","title":{"rendered":"Skolplanschen i v\u00e5ra hj\u00e4rtan"},"content":{"rendered":"<p>Under \u00e5r 2015 visades utst\u00e4llningen Skolplanschen i v\u00e5ra hj\u00e4rtan p\u00e5 Gamla Bankg\u00e5rden. Skolplanschens &#8221;Guld\u00e5lder&#8221; intr\u00e4ffade 1920-1950 men de f\u00f6rsta m\u00e5lades betydligt tidigare. V\u00e4lk\u00e4nda konstn\u00e4rer som Bruno Liljefors, Nils Tir\u00e9n, Olle Hjortzberg m. fl. anlitades f\u00f6r framst\u00e4llning av dessa pedagogiska bilder. I utst\u00e4llningen finns bl.a. ett antal bilder av Tir\u00e9n.<\/p>\n<p>Inget v\u00e4cker mer nostalgiska k\u00e4nslor \u00e4n bokm\u00e4rken och gamla skolplanscher, minnen fr\u00e5n ett Sverige som var. I utst\u00e4llningen\u00a0fanns\u00a0ett urval planscher med motiv kring historia, djur, v\u00e4xter och Bibelns ber\u00e4ttelser. Vi hade ocks\u00e5 kompletterat utst\u00e4llningen med \u00e4ldre skolb\u00f6cker samt alster fr\u00e5n skolsl\u00f6jden. Nedan visar vi n\u00e5gra av de m\u00e5nga bilder som visades p\u00e5 utst\u00e4llningen.<\/p>\n<p><a href=\"https:\/\/media.bankgarden.se\/2015\/12\/Utstall_skolp1.jpg\"><img loading=\"lazy\" decoding=\"async\" class=\"alignnone size-full wp-image-191\" src=\"https:\/\/media.bankgarden.se\/2015\/12\/Utstall_skolp1.jpg\" alt=\"Utstall_skolp1\" width=\"700\" height=\"482\" srcset=\"https:\/\/media.bankgarden.se\/2015\/12\/Utstall_skolp1.jpg 700w, https:\/\/media.bankgarden.se\/2015\/12\/Utstall_skolp1-300x207.jpg 300w\" sizes=\"auto, (max-width: 700px) 100vw, 700px\" \/><\/a><\/p>\n<p><a href=\"https:\/\/media.bankgarden.se\/2015\/12\/Utstall_skolp2.jpg\"><img loading=\"lazy\" decoding=\"async\" class=\"alignnone size-full wp-image-192\" src=\"https:\/\/media.bankgarden.se\/2015\/12\/Utstall_skolp2.jpg\" alt=\"Utstall_skolp2\" width=\"700\" height=\"447\" srcset=\"https:\/\/media.bankgarden.se\/2015\/12\/Utstall_skolp2.jpg 700w, https:\/\/media.bankgarden.se\/2015\/12\/Utstall_skolp2-300x192.jpg 300w\" sizes=\"auto, (max-width: 700px) 100vw, 700px\" \/><\/a> <a href=\"https:\/\/media.bankgarden.se\/2015\/12\/Utstall_skolp3.jpg\"><img loading=\"lazy\" decoding=\"async\" class=\"alignnone size-full wp-image-193\" src=\"https:\/\/media.bankgarden.se\/2015\/12\/Utstall_skolp3.jpg\" alt=\"Utstall_skolp3\" width=\"700\" height=\"545\" srcset=\"https:\/\/media.bankgarden.se\/2015\/12\/Utstall_skolp3.jpg 700w, https:\/\/media.bankgarden.se\/2015\/12\/Utstall_skolp3-300x234.jpg 300w\" sizes=\"auto, (max-width: 700px) 100vw, 700px\" \/><\/a><br \/>\n<a href=\"https:\/\/media.bankgarden.se\/2015\/12\/Utstall_skolp4.jpg\"><img loading=\"lazy\" decoding=\"async\" class=\"alignnone size-full wp-image-195\" src=\"https:\/\/media.bankgarden.se\/2015\/12\/Utstall_skolp4.jpg\" alt=\"Utstall_skolp4\" width=\"700\" height=\"538\" srcset=\"https:\/\/media.bankgarden.se\/2015\/12\/Utstall_skolp4.jpg 700w, https:\/\/media.bankgarden.se\/2015\/12\/Utstall_skolp4-300x231.jpg 300w\" sizes=\"auto, (max-width: 700px) 100vw, 700px\" \/><\/a> <a href=\"https:\/\/media.bankgarden.se\/2015\/12\/Utstall_skolp5.jpg\"><img loading=\"lazy\" decoding=\"async\" class=\"alignnone size-full wp-image-196\" src=\"https:\/\/media.bankgarden.se\/2015\/12\/Utstall_skolp5.jpg\" alt=\"Utstall_skolp5\" width=\"700\" height=\"463\" srcset=\"https:\/\/media.bankgarden.se\/2015\/12\/Utstall_skolp5.jpg 700w, https:\/\/media.bankgarden.se\/2015\/12\/Utstall_skolp5-300x198.jpg 300w\" sizes=\"auto, (max-width: 700px) 100vw, 700px\" \/><\/a><br \/>\n<a href=\"https:\/\/media.bankgarden.se\/2015\/12\/Utstall_skolp6.jpg\"><img loading=\"lazy\" decoding=\"async\" class=\"alignnone size-full wp-image-197\" src=\"https:\/\/media.bankgarden.se\/2015\/12\/Utstall_skolp6.jpg\" alt=\"Utstall_skolp6\" width=\"700\" height=\"578\" srcset=\"https:\/\/media.bankgarden.se\/2015\/12\/Utstall_skolp6.jpg 700w, https:\/\/media.bankgarden.se\/2015\/12\/Utstall_skolp6-300x248.jpg 300w\" sizes=\"auto, (max-width: 700px) 100vw, 700px\" \/><\/a><\/p>\n","protected":false},"excerpt":{"rendered":"<p>Under \u00e5r 2015 visades utst\u00e4llningen Skolplanschen i v\u00e5ra hj\u00e4rtan p\u00e5 Gamla Bankg\u00e5rden. Skolplanschens &#8221;Guld\u00e5lder&#8221; intr\u00e4ffade 1920-1950 men de f\u00f6rsta m\u00e5lades<\/p>\n","protected":false},"author":1,"featured_media":0,"parent":0,"menu_order":0,"comment_status":"closed","ping_status":"closed","template":"","meta":{"colormag_page_container_layout":"default_layout","colormag_page_sidebar_layout":"default_layout","footnotes":""},"class_list":["post-189","page","type-page","status-publish","hentry"],"_links":{"self":[{"href":"https:\/\/bankgarden.se\/index.php?rest_route=\/wp\/v2\/pages\/189","targetHints":{"allow":["GET"]}}],"collection":[{"href":"https:\/\/bankgarden.se\/index.php?rest_route=\/wp\/v2\/pages"}],"about":[{"href":"https:\/\/bankgarden.se\/index.php?rest_route=\/wp\/v2\/types\/page"}],"author":[{"embeddable":true,"href":"https:\/\/bankgarden.se\/index.php?rest_route=\/wp\/v2\/users\/1"}],"replies":[{"embeddable":true,"href":"https:\/\/bankgarden.se\/index.php?rest_route=%2Fwp%2Fv2%2Fcomments&post=189"}],"version-history":[{"count":3,"href":"https:\/\/bankgarden.se\/index.php?rest_route=\/wp\/v2\/pages\/189\/revisions"}],"predecessor-version":[{"id":198,"href":"https:\/\/bankgarden.se\/index.php?rest_route=\/wp\/v2\/pages\/189\/revisions\/198"}],"wp:attachment":[{"href":"https:\/\/bankgarden.se\/index.php?rest_route=%2Fwp%2Fv2%2Fmedia&parent=189"}],"curies":[{"name":"wp","href":"https:\/\/api.w.org\/{rel}","templated":true}]}}