{"id":248,"date":"2015-12-14T16:17:50","date_gmt":"2015-12-14T16:17:50","guid":{"rendered":"http:\/\/bankgarden.se\/?page_id=248"},"modified":"2015-12-14T20:07:25","modified_gmt":"2015-12-14T20:07:25","slug":"kulturaktiviteter","status":"publish","type":"page","link":"https:\/\/bankgarden.se\/?page_id=248","title":{"rendered":"Kulturaktiviteter"},"content":{"rendered":"<p>L\u00f6rdagen den 1 november 2014 anordnade Sm\u00e5lands kulturfestival och Stiftelsen Gamla Bankg\u00e5rden i Vrigstad underh\u00e5llning &#8211; I kr\u00e4ftans k\u00f6lvatten &#8211; i salen p\u00e5 Bankg\u00e5rden.<\/p>\n<p>Hilbert Bj\u00f6rkdahl bj\u00f6d p\u00e5 smaskiga historier och f\u00e4rgstarka visor kring den sm\u00e5l\u00e4ndska kr\u00e4ftan. Britt-Marie Broman ackompangerade p\u00e5 elpiano. P\u00e5 Bankg\u00e5rden fanns under dagen \u00e4ven en utst\u00e4llning om den sm\u00e5l\u00e4ndska kr\u00e4fttraditionen &#8211; med dukade bord f\u00f6r kr\u00e4ftfester, f\u00e5ngstredskap, kr\u00e4ftb\u00f6cker m.m.<\/p>\n<p><a href=\"https:\/\/media.bankgarden.se\/2015\/12\/Bank_kultur141.jpg\" rel=\"attachment wp-att-249\"><img loading=\"lazy\" decoding=\"async\" class=\"alignnone size-full wp-image-249\" src=\"https:\/\/media.bankgarden.se\/2015\/12\/Bank_kultur141.jpg\" alt=\"Bank_kultur141\" width=\"700\" height=\"506\" srcset=\"https:\/\/media.bankgarden.se\/2015\/12\/Bank_kultur141.jpg 700w, https:\/\/media.bankgarden.se\/2015\/12\/Bank_kultur141-300x217.jpg 300w\" sizes=\"auto, (max-width: 700px) 100vw, 700px\" \/><\/a> <a href=\"https:\/\/media.bankgarden.se\/2015\/12\/Bank_kultur142.jpg\" rel=\"attachment wp-att-250\"><img loading=\"lazy\" decoding=\"async\" class=\"alignnone size-full wp-image-250\" src=\"https:\/\/media.bankgarden.se\/2015\/12\/Bank_kultur142.jpg\" alt=\"Bank_kultur142\" width=\"700\" height=\"462\" srcset=\"https:\/\/media.bankgarden.se\/2015\/12\/Bank_kultur142.jpg 700w, https:\/\/media.bankgarden.se\/2015\/12\/Bank_kultur142-300x198.jpg 300w\" sizes=\"auto, (max-width: 700px) 100vw, 700px\" \/><\/a><a href=\"https:\/\/media.bankgarden.se\/2015\/12\/Bank_kultur143.jpg\" rel=\"attachment wp-att-251\"><img loading=\"lazy\" decoding=\"async\" class=\"alignnone size-full wp-image-251\" src=\"https:\/\/media.bankgarden.se\/2015\/12\/Bank_kultur143.jpg\" alt=\"Bank_kultur143\" width=\"700\" height=\"421\" srcset=\"https:\/\/media.bankgarden.se\/2015\/12\/Bank_kultur143.jpg 700w, https:\/\/media.bankgarden.se\/2015\/12\/Bank_kultur143-300x180.jpg 300w\" sizes=\"auto, (max-width: 700px) 100vw, 700px\" \/><\/a> <a href=\"https:\/\/media.bankgarden.se\/2015\/12\/Bank_kultur144.jpg\" rel=\"attachment wp-att-252\"><img loading=\"lazy\" decoding=\"async\" class=\"alignnone size-full wp-image-252\" src=\"https:\/\/media.bankgarden.se\/2015\/12\/Bank_kultur144.jpg\" alt=\"Bank_kultur144\" width=\"700\" height=\"548\" srcset=\"https:\/\/media.bankgarden.se\/2015\/12\/Bank_kultur144.jpg 700w, https:\/\/media.bankgarden.se\/2015\/12\/Bank_kultur144-300x235.jpg 300w\" sizes=\"auto, (max-width: 700px) 100vw, 700px\" \/><\/a><\/p>\n","protected":false},"excerpt":{"rendered":"<p>L\u00f6rdagen den 1 november 2014 anordnade Sm\u00e5lands kulturfestival och Stiftelsen Gamla Bankg\u00e5rden i Vrigstad underh\u00e5llning &#8211; I kr\u00e4ftans k\u00f6lvatten &#8211;<\/p>\n","protected":false},"author":1,"featured_media":0,"parent":0,"menu_order":0,"comment_status":"closed","ping_status":"closed","template":"","meta":{"colormag_page_container_layout":"default_layout","colormag_page_sidebar_layout":"default_layout","footnotes":""},"class_list":["post-248","page","type-page","status-publish","hentry"],"_links":{"self":[{"href":"https:\/\/bankgarden.se\/index.php?rest_route=\/wp\/v2\/pages\/248","targetHints":{"allow":["GET"]}}],"collection":[{"href":"https:\/\/bankgarden.se\/index.php?rest_route=\/wp\/v2\/pages"}],"about":[{"href":"https:\/\/bankgarden.se\/index.php?rest_route=\/wp\/v2\/types\/page"}],"author":[{"embeddable":true,"href":"https:\/\/bankgarden.se\/index.php?rest_route=\/wp\/v2\/users\/1"}],"replies":[{"embeddable":true,"href":"https:\/\/bankgarden.se\/index.php?rest_route=%2Fwp%2Fv2%2Fcomments&post=248"}],"version-history":[{"count":2,"href":"https:\/\/bankgarden.se\/index.php?rest_route=\/wp\/v2\/pages\/248\/revisions"}],"predecessor-version":[{"id":256,"href":"https:\/\/bankgarden.se\/index.php?rest_route=\/wp\/v2\/pages\/248\/revisions\/256"}],"wp:attachment":[{"href":"https:\/\/bankgarden.se\/index.php?rest_route=%2Fwp%2Fv2%2Fmedia&parent=248"}],"curies":[{"name":"wp","href":"https:\/\/api.w.org\/{rel}","templated":true}]}}