{"id":275,"date":"2015-12-14T20:48:48","date_gmt":"2015-12-14T20:48:48","guid":{"rendered":"http:\/\/bankgarden.se\/?page_id=275"},"modified":"2015-12-14T20:48:48","modified_gmt":"2015-12-14T20:48:48","slug":"kultursondag-101031","status":"publish","type":"page","link":"https:\/\/bankgarden.se\/?page_id=275","title":{"rendered":"Kulturs\u00f6ndag 101031"},"content":{"rendered":"<p>Ett drygt 30-tal bes\u00f6kare kom till Gamla Bankg\u00e5rden s\u00f6ndagen den 31 oktober f\u00f6r att lyssna till textilkonstn\u00e4rinnan Solveig Kristiansson och hennes man professor Ulf Beijbom.<\/p>\n<p><a href=\"https:\/\/media.bankgarden.se\/2015\/12\/Bank_kultur101.jpg\" rel=\"attachment wp-att-276\"><img loading=\"lazy\" decoding=\"async\" class=\"alignnone size-full wp-image-276\" src=\"https:\/\/media.bankgarden.se\/2015\/12\/Bank_kultur101.jpg\" alt=\"Bank_kultur101\" width=\"700\" height=\"466\" srcset=\"https:\/\/media.bankgarden.se\/2015\/12\/Bank_kultur101.jpg 700w, https:\/\/media.bankgarden.se\/2015\/12\/Bank_kultur101-300x200.jpg 300w\" sizes=\"auto, (max-width: 700px) 100vw, 700px\" \/><\/a><\/p>\n<p>Solveig ber\u00e4ttade p\u00e5 sitt humoristiska och medryckande s\u00e4tt om sin fars \u00e4ventyrliga liv, som hon skildrat i den st\u00f6rsta gobel\u00e4ngen i hennes utst\u00e4llning i Bankg\u00e5rden. Bildber\u00e4ttelsen tar sin b\u00f6rjan n\u00e4r hennes far tr\u00e4ffar sin blivande livsledsagarinna p\u00e5 en dans och hur han p\u00e5 d\u00e5tidens gentlemannam\u00e4ssiga s\u00e4tt transporterade henne hem efter dansen, sittande p\u00e5 st\u00e5ngen till sin \u00e4gandes cykel. Amerikafebern grep honom och han antr\u00e4dde resan till G\u00f6teborg tillsammans med ytterligare n\u00e5gra ynglingar fr\u00e5n trakten. \u00c4ven f\u00e4stm\u00f6n f\u00f6ljde med till G\u00f6teborg f\u00f6r att d\u00e4r ta avsked av sin \u00e4lskade. De lovade att h\u00e5lla kontakten brevledes tills de kunde \u00e5terf\u00f6renas. I Canada fick han jobb som byggnadssnickare och allt som gick att spara av l\u00f6nen sattes p\u00e5 ett konto. N\u00e4r han ans\u00e5g att kapitalet var tillr\u00e4ckligt f\u00f6r att s\u00e4tta eget bo tillskrev han sin tillt\u00e4nkta och bad henne komma \u00f6ver. Hon v\u00e4grade dock och han fick ett ultimatum, komma hem och f\u00e5 henne eller stanna och mista henne. Resultatet blev att han \u00e5kte hem och fick sin sj\u00e4ls \u00e4lskade. Den sista bilden p\u00e5 gobel\u00e4ngen visar de tv\u00e5 sittande framf\u00f6r huset, som blev deras hem, och d\u00e4r dottern Solveig cyklar p\u00e5 sin trehjuling med katten p\u00e5 paketh\u00e5llaren och den tama g\u00e5sen springande efter.<\/p>\n<p><a href=\"https:\/\/media.bankgarden.se\/2015\/12\/Bank_kultur102.jpg\" rel=\"attachment wp-att-277\"><img loading=\"lazy\" decoding=\"async\" class=\"alignnone size-full wp-image-277\" src=\"https:\/\/media.bankgarden.se\/2015\/12\/Bank_kultur102.jpg\" alt=\"Bank_kultur102\" width=\"700\" height=\"503\" srcset=\"https:\/\/media.bankgarden.se\/2015\/12\/Bank_kultur102.jpg 700w, https:\/\/media.bankgarden.se\/2015\/12\/Bank_kultur102-300x216.jpg 300w\" sizes=\"auto, (max-width: 700px) 100vw, 700px\" \/><\/a><\/p>\n<p>Efter Solveigs k\u00e5seri bj\u00f6ds p\u00e5 \u201dKr\u00f6samos\u201d med mj\u00f6lk och andra f\u00f6rfriskningar.<\/p>\n<p>D\u00e4refter vidtog den litter\u00e4ra delen av programmet d\u00e5 Ulf Beijbom ber\u00e4ttade om \u201dMina m\u00f6ten med Vilhelm Moberg\u201d. De f\u00f6rsta kontakterna mellan Ulf och Moberg blev dramatiska d\u00e5 Moberg hyste en stor misstro till akademiker och ifr\u00e5gasatte om han var kapabel till att leda uppbyggandet av Emigrantinstitutet i V\u00e4xj\u00f6, vars stomme till att b\u00f6rja med var Mobergs insamlade material till Utvandrarromanerna. Dock blev det en v\u00e4ndning i Mobergs inst\u00e4llning p\u00e5 ett h\u00f6gst ov\u00e4ntat s\u00e4tt. K\u00e4llmaterialet till utvandrarromanen skulle h\u00e4mtas i hans skrivarstuga p\u00e5 V\u00e4dd\u00f6 i Roslagen.<\/p>\n<p>V\u00e4xj\u00f6delegationen bestod av Mobergs gode v\u00e4n Thorsten Petersson samt Ulf Beijbom. Dagen var varm och Moberg f\u00f6reslog ett dopp i V\u00e4dd\u00f6 kanal. Petersson fick dispens fr\u00e5n badande. Moberg sj\u00e4lv presenterade sig i adamsdr\u00e4kt medan Ulf var lite blygare och ikl\u00e4dde sig badbyxor. Nu skulle akademikern fr\u00e5n V\u00e4xj\u00f6 s\u00e4ttas p\u00e5 ett mandomsprov. Moberg visade p\u00e5 en trampolin och m\u00f6jligheterna att hoppa ifr\u00e5n denna, vilket han troligen inte f\u00f6rv\u00e4ntade sig att akademikern skulle v\u00e5ga. Vad han inte visste var att Ulf hade en stor f\u00f6rk\u00e4rlek f\u00f6r vattenkonster och med ett elegant svanhopp d\u00f6k han med huvudet f\u00f6re i V\u00e4dd\u00f6 kanal. Efter detta var all misstro p\u00e5 akademikern Ulf som bortbl\u00e5st och det fortsatta umg\u00e4nget dem emellan mera j\u00e4mlikt. Denna och mera sp\u00e4nnande m\u00f6ten dem emellan fick vi h\u00f6ra.<\/p>\n<p>De b\u00e5da f\u00f6redragsh\u00e5llarna tackades med blommor, r\u00e5r\u00f6rda sm\u00e5landslingon och varma appl\u00e5der. Detta var ett kulturarrangemang som gav mersmak, som m\u00e5nga uttryckte det.<\/p>\n<p><a href=\"https:\/\/media.bankgarden.se\/2015\/12\/Bank_kultur103.jpg\" rel=\"attachment wp-att-278\"><img loading=\"lazy\" decoding=\"async\" class=\"alignnone size-full wp-image-278\" src=\"https:\/\/media.bankgarden.se\/2015\/12\/Bank_kultur103.jpg\" alt=\"Bank_kultur103\" width=\"700\" height=\"459\" srcset=\"https:\/\/media.bankgarden.se\/2015\/12\/Bank_kultur103.jpg 700w, https:\/\/media.bankgarden.se\/2015\/12\/Bank_kultur103-300x197.jpg 300w\" sizes=\"auto, (max-width: 700px) 100vw, 700px\" \/><\/a><\/p>\n<p>Gamla Bankg\u00e5rdens utst\u00e4llningslokal f\u00f6r bokm\u00e4rken var fylld till sista plats under de b\u00e5da programpunkterna.<\/p>\n","protected":false},"excerpt":{"rendered":"<p>Ett drygt 30-tal bes\u00f6kare kom till Gamla Bankg\u00e5rden s\u00f6ndagen den 31 oktober f\u00f6r att lyssna till textilkonstn\u00e4rinnan Solveig Kristiansson och<\/p>\n","protected":false},"author":1,"featured_media":0,"parent":0,"menu_order":0,"comment_status":"closed","ping_status":"closed","template":"","meta":{"colormag_page_container_layout":"default_layout","colormag_page_sidebar_layout":"default_layout","footnotes":""},"class_list":["post-275","page","type-page","status-publish","hentry"],"_links":{"self":[{"href":"https:\/\/bankgarden.se\/index.php?rest_route=\/wp\/v2\/pages\/275","targetHints":{"allow":["GET"]}}],"collection":[{"href":"https:\/\/bankgarden.se\/index.php?rest_route=\/wp\/v2\/pages"}],"about":[{"href":"https:\/\/bankgarden.se\/index.php?rest_route=\/wp\/v2\/types\/page"}],"author":[{"embeddable":true,"href":"https:\/\/bankgarden.se\/index.php?rest_route=\/wp\/v2\/users\/1"}],"replies":[{"embeddable":true,"href":"https:\/\/bankgarden.se\/index.php?rest_route=%2Fwp%2Fv2%2Fcomments&post=275"}],"version-history":[{"count":1,"href":"https:\/\/bankgarden.se\/index.php?rest_route=\/wp\/v2\/pages\/275\/revisions"}],"predecessor-version":[{"id":279,"href":"https:\/\/bankgarden.se\/index.php?rest_route=\/wp\/v2\/pages\/275\/revisions\/279"}],"wp:attachment":[{"href":"https:\/\/bankgarden.se\/index.php?rest_route=%2Fwp%2Fv2%2Fmedia&parent=275"}],"curies":[{"name":"wp","href":"https:\/\/api.w.org\/{rel}","templated":true}]}}