{"id":281,"date":"2015-12-15T14:54:36","date_gmt":"2015-12-15T14:54:36","guid":{"rendered":"http:\/\/bankgarden.se\/?page_id=281"},"modified":"2015-12-15T14:54:36","modified_gmt":"2015-12-15T14:54:36","slug":"kulturhusens-dag-040912","status":"publish","type":"page","link":"https:\/\/bankgarden.se\/?page_id=281","title":{"rendered":"Kulturhusens dag 040912"},"content":{"rendered":"<p>Den 12 september 2004 firades Kulturhusens dag i Gamla Bankg\u00e5rden. Arrangemanget \u00e4r sameuropeiskt och i n\u00e4rmare 50 l\u00e4nder kunde kulturhistoriskt intresserade bes\u00f6ka \u00e4ldre, intressanta byggnader som sparats f\u00f6r efterv\u00e4rlden. \u00c5rets tema var &#8221;Hus i goda h\u00e4nder&#8221; &#8211; ett tema som passade mycket v\u00e4l in p\u00e5 den restaurerade l\u00e4genheten i Gamla Bankg\u00e5rden.<\/p>\n<p>Programmet inleddes med att byggm\u00e4stare Bengt Gunnarsson, som svarat f\u00f6r restaureringen, ber\u00e4ttade om de tekniker som anv\u00e4nts samt problem man st\u00e4lldes inf\u00f6r under arbetets g\u00e5ng. Hela restaureringsarbetet dokumenterades med hj\u00e4lp av videokamera av Stig Marz och delar av denna filmen visades efter Bengt Gunnarssons framtr\u00e4dande.<\/p>\n<p><a href=\"https:\/\/media.bankgarden.se\/2015\/12\/Bank_kultur042.jpg\" rel=\"attachment wp-att-283\"><img loading=\"lazy\" decoding=\"async\" class=\"size-full wp-image-283 alignleft\" src=\"https:\/\/media.bankgarden.se\/2015\/12\/Bank_kultur042.jpg\" alt=\"Bank_kultur042\" width=\"400\" height=\"528\" srcset=\"https:\/\/media.bankgarden.se\/2015\/12\/Bank_kultur042.jpg 400w, https:\/\/media.bankgarden.se\/2015\/12\/Bank_kultur042-227x300.jpg 227w\" sizes=\"auto, (max-width: 400px) 100vw, 400px\" \/><\/a><\/p>\n<p>H\u00e4refter var det Elisabeth Ralf, Stockholm, barnbarn till kronol\u00e4nsmannen Alfred Dahl, som p\u00e5 ett mycket engagerat och humoristiskt s\u00e4tt ber\u00e4ttade minnen fr\u00e5n sina bes\u00f6k hos morf\u00f6r\u00e4ldrarna i Vrigstad p\u00e5 1920-talet. Elisabeth \u00e4r den sista som f\u00f6ddes i bankg\u00e5rden.<\/p>\n<p>&nbsp;<\/p>\n<p>&nbsp;<\/p>\n<p>&nbsp;<\/p>\n<p>&nbsp;<\/p>\n<p>&nbsp;<\/p>\n<p>&nbsp;<\/p>\n<p><a href=\"https:\/\/media.bankgarden.se\/2015\/12\/Bank_kultur041.jpg\" rel=\"attachment wp-att-282\"><img loading=\"lazy\" decoding=\"async\" class=\"alignnone size-full wp-image-282\" src=\"https:\/\/media.bankgarden.se\/2015\/12\/Bank_kultur041.jpg\" alt=\"Bank_kultur041\" width=\"700\" height=\"454\" srcset=\"https:\/\/media.bankgarden.se\/2015\/12\/Bank_kultur041.jpg 700w, https:\/\/media.bankgarden.se\/2015\/12\/Bank_kultur041-300x195.jpg 300w\" sizes=\"auto, (max-width: 700px) 100vw, 700px\" \/><\/a><\/p>\n<p>Stig Marz var eftermiddagens v\u00e4rd och efter att, i vanlig ordning dokumenterat eftermiddagen med sin videokamera, avtackade han Elisabeth Ralf med blommor.<\/p>\n","protected":false},"excerpt":{"rendered":"<p>Den 12 september 2004 firades Kulturhusens dag i Gamla Bankg\u00e5rden. Arrangemanget \u00e4r sameuropeiskt och i n\u00e4rmare 50 l\u00e4nder kunde kulturhistoriskt<\/p>\n","protected":false},"author":1,"featured_media":0,"parent":0,"menu_order":0,"comment_status":"closed","ping_status":"closed","template":"","meta":{"colormag_page_container_layout":"default_layout","colormag_page_sidebar_layout":"default_layout","footnotes":""},"class_list":["post-281","page","type-page","status-publish","hentry"],"_links":{"self":[{"href":"https:\/\/bankgarden.se\/index.php?rest_route=\/wp\/v2\/pages\/281","targetHints":{"allow":["GET"]}}],"collection":[{"href":"https:\/\/bankgarden.se\/index.php?rest_route=\/wp\/v2\/pages"}],"about":[{"href":"https:\/\/bankgarden.se\/index.php?rest_route=\/wp\/v2\/types\/page"}],"author":[{"embeddable":true,"href":"https:\/\/bankgarden.se\/index.php?rest_route=\/wp\/v2\/users\/1"}],"replies":[{"embeddable":true,"href":"https:\/\/bankgarden.se\/index.php?rest_route=%2Fwp%2Fv2%2Fcomments&post=281"}],"version-history":[{"count":1,"href":"https:\/\/bankgarden.se\/index.php?rest_route=\/wp\/v2\/pages\/281\/revisions"}],"predecessor-version":[{"id":284,"href":"https:\/\/bankgarden.se\/index.php?rest_route=\/wp\/v2\/pages\/281\/revisions\/284"}],"wp:attachment":[{"href":"https:\/\/bankgarden.se\/index.php?rest_route=%2Fwp%2Fv2%2Fmedia&parent=281"}],"curies":[{"name":"wp","href":"https:\/\/api.w.org\/{rel}","templated":true}]}}