{"id":35,"date":"2015-11-26T18:34:17","date_gmt":"2015-11-26T18:34:17","guid":{"rendered":"http:\/\/bankgarden.se\/?page_id=35"},"modified":"2022-11-14T09:19:32","modified_gmt":"2022-11-14T09:19:32","slug":"sparbankens-lokaler","status":"publish","type":"page","link":"https:\/\/bankgarden.se\/?page_id=35","title":{"rendered":"Vrigstads Sparbanks byggnader"},"content":{"rendered":"<p><span class=\"rubrik\">\u2026en prydlig, \u00e4ndam\u00e5lsenlig samt m\u00f6blerad banklokal\u2026 <\/span><\/p>\n<p class=\"brodtext\">(Texten \u00e4r h\u00e4mtad ur Vrigstads sparbank 1867-1967, som gavs ut med anledning av bankens 100-\u00e5rsjubileum. F\u00f6rfattare: Rudolf Thunander.)<\/p>\n<p class=\"brodtext\">Bankens f\u00f6rsta lokal var allts\u00e5 inrymd en trappa upp i den \u00f6stra av doktor Lindskogs fastigheter, bel\u00e4gen p\u00e5 samma g\u00e5rd, som nu \u00e4gs av sparbanken.<a href=\"http:\/\/media.vrigstadshembygdsforening.se\/Fakta_nliv_Sparbanken-lokal.jpg\"><img loading=\"lazy\" decoding=\"async\" class=\"alignnone size-full wp-image-1251\" src=\"http:\/\/media.vrigstadshembygdsforening.se\/Fakta_nliv_Sparbanken-lokal.jpg\" alt=\"Fakta_nliv_Sparbanken lokal\" width=\"800\" height=\"523\" \/><\/a><\/p>\n<p class=\"brodtext\"><span class=\"brodtext\">Banken var under \u00e5ren 1867-1886 inrymd en trappa upp i det r\u00f6da huset p\u00e5 bilden. Fastigheten gick under namnet Bolagsg\u00e5rden och tillh\u00f6rde d:r Lindskog.<\/span><\/p>\n<p class=\"brodtext\">Huvudbyggnaden mot v\u00e4gen var byggd p\u00e5 1840-talet av ett aktiebolag och gick under namnet Bolagsg\u00e5rden. Doktor Lindskog f\u00f6rv\u00e4rvade under hand samtliga aktier och vid sin d\u00f6d 1885 var han ensam \u00e4gare till fastigheten. Hans \u00e4nka besl\u00f6t att flytta fr\u00e5n Vrigstad och bj\u00f6d ut huset till salu, och vid bankens \u00e5rssammantr\u00e4de 1886 f\u00f6reslog f\u00e4rgaren Fredrik Runstedt, att banken skulle k\u00f6pa fastigheten. Men Runstedts f\u00f6rslag blev energiskt motarbetat, fr\u00e4mst av Lindskogs eftertr\u00e4dare som ordf\u00f6rande i styrelsen, h\u00e4radsskrivaren Robert Samsioe. F\u00f6rslaget kallades obet\u00e4nksamt och l\u00e4ttsinnigt och det ans\u00e5g uppr\u00f6rande att, bortsl\u00f6sa tre fj\u00e4rdedelar av reservfonden p\u00e5 \u201dink\u00f6p af gamla hus af tvifvelaktigt v\u00e4rde i en framtid\u201d.<\/p>\n<p class=\"brodtext\">Runstedt lyckades f\u00e5 avg\u00f6randet uppskjutet till ett nytt extra sammantr\u00e4de med huvudm\u00e4nnen och under tiden skulle en kommitt\u00e9 n\u00e4rmare unders\u00f6ka fr\u00e5gan. Men Runstedt hade ingen framg\u00e5ng nu heller. Ink\u00f6pspriset hade satts till 6.000 kronor och reparationsbehovet ber\u00e4knades till cirka 3.000 kronor. Protokollet, som utformats av Samsioe, s\u00e4ger bl. a.:<\/p>\n<p class=\"brodtext\">\u201dDet ans\u00e5gs i h\u00f6gsta m\u00e5tto oklokt att f\u00f6r en liten sparbank, som kunde \u00e5tn\u00f6jas med en anspr\u00e5ksl\u00f6s lokal, ink\u00f6pa det dyraste, huset p\u00e5 platsen. \u00c4fven framh\u00f6lls s\u00e5som rent af otillst\u00e4ndigt att belasta en sparbanks direktion med besv\u00e4r och omtanke f\u00f6r de \u00f6fverfl\u00f6diga husens underh\u00e5ll och uthyrande, hvarigenom direkt\u00f6rerna skulle blifva likst\u00e4llde med hotellv\u00e4rdar.\u201d<\/p>\n<p>Runstedts f\u00f6rslag om ink\u00f6p f\u00f6rkastades med 14 r\u00f6ster mot 6, och banken var husvill och m\u00e5ste hyra ny lokal.<\/p>\n<figure id=\"attachment_1253\" aria-describedby=\"caption-attachment-1253\" style=\"width: 300px\" class=\"wp-caption alignleft\"><a href=\"http:\/\/media.vrigstadshembygdsforening.se\/Fakta_nliv_Sparbanken-Samsioe.jpg\"><img loading=\"lazy\" decoding=\"async\" class=\"wp-image-1253 size-full\" src=\"http:\/\/media.vrigstadshembygdsforening.se\/Fakta_nliv_Sparbanken-Samsioe.jpg\" alt=\"Fakta_nliv_Sparbanken Samsioe\" width=\"300\" height=\"363\" \/><\/a><figcaption id=\"caption-attachment-1253\" class=\"wp-caption-text\">H\u00e4radsskrivaren Robert Samsioe, RNO, f\u00f6dd 1934, d\u00f6d 1906. Ordf\u00f6rande i styrelsen 1886-1906, dessf\u00f6rinnan under m\u00e5nga \u00e5r styrelsens vice ordf\u00f6rande.<\/figcaption><\/figure>\n<p class=\"brodtext\"><span class=\"brodtext\"><a href=\"http:\/\/media.vrigstadshembygdsforening.se\/Fakta_nliv_Sparbanken-Skanska-B.jpg\"><img loading=\"lazy\" decoding=\"async\" class=\"alignnone size-full wp-image-1255\" src=\"http:\/\/media.vrigstadshembygdsforening.se\/Fakta_nliv_Sparbanken-Skanska-B.jpg\" alt=\"Fakta_nliv_Sparbanken Skanska B\" width=\"800\" height=\"497\" \/><\/a><\/span><\/p>\n<p class=\"brodtext\"><span class=\"brodtext\">Man best\u00e4mde sig f\u00f6r den lokal vid torget i Sture Svenssons nuvarande fastighet, d\u00e4r Sk\u00e5nska Banken nu har sina kontor. Ing\u00e5ngen var d\u00e5 fr\u00e5n g\u00e5rdssidan. Banken hade h\u00e4r sitt kontor under \u00e5ren 1886-1913. Ing\u00e5ngen var d\u00e5 fr\u00e5n g\u00e5rdssidan. Huset tillh\u00f6rde d\u00e5 patron Johan Ek.<\/span><\/p>\n<p class=\"brodtext\">\u00c5r 1908 byggdes nytt tingshus i S\u00e4vsj\u00f6 och V\u00e4stra h\u00e4rads gamla tingshus i Komstad s\u00e5ldes p\u00e5 auktion. Kronol\u00e4nsman Alfred Dahl ropade in husen f\u00f6r Vrigstads sparbanks r\u00e4kning f\u00f6r 3.650 kronor. Tanken var att \u201dp\u00e5 plats som styrelsen finner l\u00e4mpligt, l\u00e5ta i Vrigstad f\u00f6r sparbankens r\u00e4kning uppf\u00f6ra och i \u00e4ndam\u00e5lsenligt skick inr\u00e4tta desamma\u201d.<\/p>\n<p class=\"brodtext\">Men ingenting h\u00e4nde f\u00f6rr\u00e4n 1913, d\u00e5 man besl\u00f6t s\u00e4lja husen i Komstad och i st\u00e4llet f\u00f6rs\u00f6kte k\u00f6pa ett till salu utbjudet hus i Vrigstad. Detta hus r\u00e5kade vara just detsamma, som, man \u00e5r 1886 hade ansett det l\u00e4ttsinnigt att sl\u00f6sa bort reservfonden p\u00e5! Det var allts\u00e5 nuvarande Bankg\u00e5rden, d\u00e5 \u00e4gd av fru Elin Gustafschi\u00f6ld, som nu ink\u00f6ptes f\u00f6r 10.000 kronor. Det var s\u00e4kert ett mycket klokt k\u00f6p. Man beslutade genast att reparera och iordningst\u00e4lla \u201den prydlig, \u00e4ndam\u00e5lsenlig samt m\u00f6blerad banklokal\u201d.<\/p>\n<p>Drivande krafter bakom b\u00e5de ink\u00f6pet och ombyggnaden var kamrer kronol\u00e4nsman Alfred Dahl. Ritningsarbetet \u00f6verl\u00e4ts \u00e5t ingenj\u00f6r Ehn i V\u00e4xj\u00f6.<\/p>\n<p>Kostnaderna blev visserligen h\u00f6ga \u2013 ca 17.000 kronor \u2013 men resultatet blev mycket lyckat. I september 1913 stod \u00e4ndam\u00e5lsenliga lokaler f\u00e4rdiga, pr\u00e4glade av den gedigna och eleganta sal, som i alla sammanhang f\u00f6retr\u00e4ddes av landsfiskal Dahl.<\/p>\n<p><a href=\"http:\/\/media.vrigstadshembygdsforening.se\/Fakta_nliv_Sparbanken-Bolagsg.jpg\"><img loading=\"lazy\" decoding=\"async\" class=\"alignnone size-full wp-image-1256\" src=\"http:\/\/media.vrigstadshembygdsforening.se\/Fakta_nliv_Sparbanken-Bolagsg.jpg\" alt=\"Fakta_nliv_Sparbanken Bolagsg\" width=\"800\" height=\"474\" \/><\/a><\/p>\n<p>\u00c5r 1913 f\u00f6rv\u00e4rvade banken den fastighet, d\u00e4r dess verksamhet en g\u00e5ng startade. Nu flyttade man in i huset till v\u00e4nster och l\u00e4t g\u00f6ra en grundlig renovering. I dessa lokaler stannade banken sedan till 1960.<\/p>\n<p>F\u00f6r f\u00f6rsta g\u00e5ngen bodde banken nu i eget hus.\u00a0Byggnaderna i Komstad, som man 5 \u00e5r tidigare betalat 3.650 kronor f\u00f6r s\u00e5ldes nu till AB Vrigstads Vattenkuranstalt f\u00f6r 2.000 kronor. Likvid l\u00e4mnades form av aktier i Vattenkuranstalten. Aff\u00e4ren v\u00e5llade en del stridigheter vid huvudmannasammantr\u00e4det 1914 och beslutet blev t.o.m. \u00f6verklagat i l\u00e4nsstyrelsen. Aff\u00e4ren stod emellertid fast, och Vattenkuranstalten l\u00e4t omedelbart flytta husen till Vrigstad (nuvarande Granbackens pensionat) och fick under ledning av doktor H. V. Kindblom ig\u00e5ng en omfattande r\u00f6relse. G\u00e4sternas antal h\u00f6ll sig de f\u00f6rsta \u00e5ren omkring etthundra och man serverade s.k. kneippkurer med massage, sjukgymnastik och bad av allehanda slag.<\/p>\n<p>F\u00f6r banken innebar aff\u00e4ren i praktiken att man sk\u00e4nkte bort husen till Vattenkuranstalten f\u00f6r ingenting. Akterna l\u00e4mnade aldrig n\u00e5gon utdelning och 1929 skrevs de helt bort ur bokf\u00f6ringen.<\/p>\n<p class=\"brodtext\">Bankens lokalfr\u00e5ga var nu l\u00f6st f\u00f6r n\u00e4ra 50 \u00e5r fram\u00e5t. Men s\u00e5 sm\u00e5ningom b\u00f6rjade r\u00f6relsen v\u00e4xa allt snabbare, i synnerhet efter krigssluten 1945, och problemet med lokal skulle bli aktuell, p\u00e5 nytt. Genom ny sparbankslagstiftning kunde banken ut\u00f6ka sitt sortiment av tj\u00e4nster \u2013 t.ex. checkr\u00e4kning \u2013 allm\u00e4nhetens krav p\u00e5 \u00f6ppeth\u00e5llande och p\u00e5 service \u00f6verhuvudtaget blev st\u00f6rre och konkurrensen mellan penninginr\u00e4ttningarna sk\u00e4rptes. Detta medf\u00f6rde \u00f6kat behov av personal och av hj\u00e4lpmedel i form av bl. a. bokf\u00f6ringsmaskiner. Allt detta var starka sk\u00e4l f\u00f6r nybyggnad. Ytterligare ett sk\u00e4l gjorde sig alltmer p\u00e5mint, n\u00e4mligen s\u00e4kerhetsf\u00f6rh\u00e5llandena. F\u00f6rvaringen av bankens s\u00e4kerhetshandlingar tedde sig f\u00f6r varje \u00e5r alltmer vansklig och otidsenlig.<\/p>\n<p>Under n\u00e4stan hela 1950-talet diskuterade styrelsen lokalfr\u00e5gan. Det ena f\u00f6rslaget efter det andra f\u00f6rkastades tills man slutligen 1959 best\u00e4mde sig nytt bankhus, strax v\u00e4ster om det gamla ritat av Sparbankf\u00f6reningens arkitekt Johan Wohlert. Byggm\u00e4stare blev Josua Persson i Lamhult. Den 25 oktober 1960 \u00f6ppnades lokalerna f\u00f6r allm\u00e4nheten f\u00f6r f\u00f6rsta g\u00e5ngen i samband med att det \u00e5rets sparbanksvecka inleddes. Det kom \u00f6ver 500 ins\u00e4ttare och alla bj\u00f6ds p\u00e5 kaffe Den 15 november kom sedan den h\u00f6gtidliga invigningen, som f\u00f6rr\u00e4ttades av landsh\u00f6vdingen Allan Nordenstam.<\/p>\n<p><a href=\"http:\/\/media.vrigstadshembygdsforening.se\/Fakta_nliv_Sparbanken-lokal-1960.jpg\"><img loading=\"lazy\" decoding=\"async\" class=\"alignnone size-full wp-image-1254\" src=\"http:\/\/media.vrigstadshembygdsforening.se\/Fakta_nliv_Sparbanken-lokal-1960.jpg\" alt=\"Fakta_nliv_Sparbanken lokal 1960\" width=\"800\" height=\"509\" \/><br \/>\n<\/a>Den senaste\/sista banklokalen uppf\u00f6rdes 1960.<\/p>\n<p>Kostnaden f\u00f6r byggnaden och inventarierna uppgick till n\u00e4stan precis en halv million kronor, och det saknades inte en och annan kritisk r\u00f6st, som tyckte att det byggts b\u00e5de f\u00f6r stort och f\u00f6r fint och f\u00f6r dyrt. I dag har all kritik tystnat: alla \u00e4r bel\u00e5tna, b\u00e5de kunder och personal. Den som t\u00e4nker sju \u00e5r tillbaka i tiden m\u00e5ste st\u00e4lla sig fr\u00e5gan hur kunde banken klara sig s\u00e5 l\u00e4nge i den gamla lokalen?<\/p>\n<p>F\u00f6r \u00f6versk\u00e5dlig tid \u00e4r bankens lokalfr\u00e5ga lyckligt l\u00f6st. Banken har \u201den prydlig, \u00e4ndam\u00e5lsenlig samt m\u00f6blerad banklokal\u201d.<\/p>\n","protected":false},"excerpt":{"rendered":"<p>\u2026en prydlig, \u00e4ndam\u00e5lsenlig samt m\u00f6blerad banklokal\u2026 (Texten \u00e4r h\u00e4mtad ur Vrigstads sparbank 1867-1967, som gavs ut med anledning av bankens<\/p>\n","protected":false},"author":1,"featured_media":0,"parent":0,"menu_order":0,"comment_status":"closed","ping_status":"closed","template":"","meta":{"colormag_page_container_layout":"default_layout","colormag_page_sidebar_layout":"default_layout","footnotes":""},"class_list":["post-35","page","type-page","status-publish","hentry"],"_links":{"self":[{"href":"https:\/\/bankgarden.se\/index.php?rest_route=\/wp\/v2\/pages\/35","targetHints":{"allow":["GET"]}}],"collection":[{"href":"https:\/\/bankgarden.se\/index.php?rest_route=\/wp\/v2\/pages"}],"about":[{"href":"https:\/\/bankgarden.se\/index.php?rest_route=\/wp\/v2\/types\/page"}],"author":[{"embeddable":true,"href":"https:\/\/bankgarden.se\/index.php?rest_route=\/wp\/v2\/users\/1"}],"replies":[{"embeddable":true,"href":"https:\/\/bankgarden.se\/index.php?rest_route=%2Fwp%2Fv2%2Fcomments&post=35"}],"version-history":[{"count":3,"href":"https:\/\/bankgarden.se\/index.php?rest_route=\/wp\/v2\/pages\/35\/revisions"}],"predecessor-version":[{"id":970,"href":"https:\/\/bankgarden.se\/index.php?rest_route=\/wp\/v2\/pages\/35\/revisions\/970"}],"wp:attachment":[{"href":"https:\/\/bankgarden.se\/index.php?rest_route=%2Fwp%2Fv2%2Fmedia&parent=35"}],"curies":[{"name":"wp","href":"https:\/\/api.w.org\/{rel}","templated":true}]}}