{"id":492,"date":"2017-01-10T12:39:53","date_gmt":"2017-01-10T12:39:53","guid":{"rendered":"http:\/\/bankgarden.se\/?page_id=492"},"modified":"2017-01-10T12:39:53","modified_gmt":"2017-01-10T12:39:53","slug":"textila-bilder","status":"publish","type":"page","link":"https:\/\/bankgarden.se\/?page_id=492","title":{"rendered":"Textila bilder"},"content":{"rendered":"<p>Under \u00e5r 2010 visades utst\u00e4llningen Textila bilder av Solveig Kristiansson p\u00e5 Gamla Bankg\u00e5rden.<\/p>\n<p>Solveig Kristiansson \u00e4r textilkonstn\u00e4r och broderar bl.a. bilder. Tillsammans ger de en bred skildring av folklivet i Sm\u00e5land fr\u00e5n f\u00f6rra sekelskiftet och fram\u00e5t.<\/p>\n<p>S\u00f6ndagen den 28 februari 2010 f\u00f6rr\u00e4ttades invigningen av 2010 \u00e5rs utst\u00e4llning. Det var Stiftelsen Gamla Bankg\u00e5rdens ordf\u00f6rande Stig Marz som tillsammans med konstn\u00e4rinnan Solveig Kristiansson invigningstalade.<\/p>\n<p><img loading=\"lazy\" decoding=\"async\" class=\"alignnone size-full wp-image-493\" src=\"https:\/\/media.bankgarden.se\/2010_LK.jpg\" alt=\"\" width=\"800\" height=\"526\" srcset=\"https:\/\/media.bankgarden.se\/2010_LK.jpg 800w, https:\/\/media.bankgarden.se\/2010_LK-300x197.jpg 300w\" sizes=\"auto, (max-width: 800px) 100vw, 800px\" \/><\/p>\n<p>Utst\u00e4llningen inneh\u00f6ll ett stort antal fantastiska verk av Solveig Kristiansson.<\/p>\n<p><img loading=\"lazy\" decoding=\"async\" class=\"alignnone size-full wp-image-494\" src=\"https:\/\/media.bankgarden.se\/2010_Textil.jpg\" alt=\"\" width=\"800\" height=\"598\" srcset=\"https:\/\/media.bankgarden.se\/2010_Textil.jpg 800w, https:\/\/media.bankgarden.se\/2010_Textil-300x224.jpg 300w\" sizes=\"auto, (max-width: 800px) 100vw, 800px\" \/><\/p>\n","protected":false},"excerpt":{"rendered":"<p>Under \u00e5r 2010 visades utst\u00e4llningen Textila bilder av Solveig Kristiansson p\u00e5 Gamla Bankg\u00e5rden. Solveig Kristiansson \u00e4r textilkonstn\u00e4r och broderar bl.a.<\/p>\n","protected":false},"author":1,"featured_media":0,"parent":0,"menu_order":0,"comment_status":"closed","ping_status":"closed","template":"","meta":{"colormag_page_container_layout":"default_layout","colormag_page_sidebar_layout":"default_layout","footnotes":""},"class_list":["post-492","page","type-page","status-publish","hentry"],"_links":{"self":[{"href":"https:\/\/bankgarden.se\/index.php?rest_route=\/wp\/v2\/pages\/492","targetHints":{"allow":["GET"]}}],"collection":[{"href":"https:\/\/bankgarden.se\/index.php?rest_route=\/wp\/v2\/pages"}],"about":[{"href":"https:\/\/bankgarden.se\/index.php?rest_route=\/wp\/v2\/types\/page"}],"author":[{"embeddable":true,"href":"https:\/\/bankgarden.se\/index.php?rest_route=\/wp\/v2\/users\/1"}],"replies":[{"embeddable":true,"href":"https:\/\/bankgarden.se\/index.php?rest_route=%2Fwp%2Fv2%2Fcomments&post=492"}],"version-history":[{"count":1,"href":"https:\/\/bankgarden.se\/index.php?rest_route=\/wp\/v2\/pages\/492\/revisions"}],"predecessor-version":[{"id":495,"href":"https:\/\/bankgarden.se\/index.php?rest_route=\/wp\/v2\/pages\/492\/revisions\/495"}],"wp:attachment":[{"href":"https:\/\/bankgarden.se\/index.php?rest_route=%2Fwp%2Fv2%2Fmedia&parent=492"}],"curies":[{"name":"wp","href":"https:\/\/api.w.org\/{rel}","templated":true}]}}