{"id":57,"date":"2015-12-01T14:52:20","date_gmt":"2015-12-01T14:52:20","guid":{"rendered":"http:\/\/bankgarden.se\/?page_id=57"},"modified":"2016-04-28T06:43:34","modified_gmt":"2016-04-28T06:43:34","slug":"dahls-vaning","status":"publish","type":"page","link":"https:\/\/bankgarden.se\/?page_id=57","title":{"rendered":"Dahls v\u00e5ning"},"content":{"rendered":"<p>H\u00e4r ger vi en kort presentation av l\u00e4genheten och dess utformning.<\/p>\n<p><strong>Kontoret<\/strong><br \/>\nI l\u00e4genhetens kontor residerade kronol\u00e4nsmannen Alfred Dahl och sk\u00f6tte h\u00e4rifr\u00e5n polisi\u00e4ra \u00e4renden av de mest skilda slag inom h\u00e4radet.<\/p>\n<p><a href=\"https:\/\/media.bankgarden.se\/2015\/12\/Dahl_kontor.jpg\"><img loading=\"lazy\" decoding=\"async\" class=\"alignnone size-full wp-image-58\" src=\"https:\/\/media.bankgarden.se\/2015\/12\/Dahl_kontor.jpg\" alt=\"Dahl_kontor\" width=\"800\" height=\"533\" srcset=\"https:\/\/media.bankgarden.se\/2015\/12\/Dahl_kontor.jpg 800w, https:\/\/media.bankgarden.se\/2015\/12\/Dahl_kontor-300x200.jpg 300w\" sizes=\"auto, (max-width: 800px) 100vw, 800px\" \/><\/a><\/p>\n<p>Ut\u00f6ver kontorsinredningen finns \u00e4ven en stor samling leksaker fr\u00e5n sekelskiftet samt en vevgrammofon.<\/p>\n<p><strong>F\u00f6rmaket<\/strong><\/p>\n<p><a href=\"https:\/\/media.bankgarden.se\/2015\/12\/Dahl_Netherwood.jpg\"><img loading=\"lazy\" decoding=\"async\" class=\"alignleft\" src=\"https:\/\/media.bankgarden.se\/2015\/12\/Dahl_Netherwood.jpg\" alt=\"Dahl_Netherwood\" width=\"350\" height=\"525\" \/><\/a><\/p>\n<p>H\u00e4r finns bl.a. en intressant tavla som f\u00f6rest\u00e4ller general Adam Fredrik Netherwood som f\u00f6ddes p\u00e5 Byestad den 1 januari 1770. Han blev bland annat utsedd till brigadschef av Napoleon. Tavlan h\u00e4ngde ursprungligen i l\u00e4genheten och n\u00e4r museet nu \u00e4r klart har dess \u00e4gare Elisabeth Ralf sk\u00e4nkt den till museet, d\u00e4r den nu \u00e5ter h\u00e4nger p\u00e5 sin ursprungliga plats.<\/p>\n<p><a href=\"https:\/\/media.bankgarden.se\/2015\/12\/Dahl_formak.jpg\"><img loading=\"lazy\" decoding=\"async\" class=\"alignnone size-full wp-image-59\" src=\"https:\/\/media.bankgarden.se\/2015\/12\/Dahl_formak.jpg\" alt=\"Dahl_formak\" width=\"800\" height=\"533\" srcset=\"https:\/\/media.bankgarden.se\/2015\/12\/Dahl_formak.jpg 800w, https:\/\/media.bankgarden.se\/2015\/12\/Dahl_formak-300x200.jpg 300w\" sizes=\"auto, (max-width: 800px) 100vw, 800px\" \/><\/a><\/p>\n<p>Den vita m\u00f6beln kommer fr\u00e5n Anna Dahls hem i Korsberga. Den \u00e4rvdes av Anna efter moderns bortg\u00e5ng 1906. Enligt vad dottern Margit ber\u00e4ttat har den tillh\u00f6rt Annas mormor Anna Elisabeth Cederblad, gift Kuylenstierna.\u00a0En oljem\u00e5lning \u00f6ver soffan f\u00f6rest\u00e4ller Annas mor Sofia Pont\u00e9n f\u00f6dd Kuylenstierna 1839.<\/p>\n<p><strong>Salen<\/strong><br \/>\nH\u00e4r i salen intogs m\u00e5ltiderna. P\u00e5 stora bordet dukades maten och vid sm\u00e5borden \u00e5t man. Undantaget var n\u00e4r man hade inbjudna g\u00e4ster, d\u00e5 \u00e5t man vid stora bordet. Jungfrun tillkallades genom en ringsignal som framkallades genom att man drog i str\u00e4ngen \u00f6ver bordet.<\/p>\n<p>Anna var en duktig husmor och drev periodvis hush\u00e5llsskola h\u00e4r. Hon hade \u00e4ven matg\u00e4ster. Det var dyrt att h\u00e5lla barnen i skola i V\u00e4xj\u00f6 s\u00e5 ett litet tillskott till kassan skadade inte.<\/p>\n<p><a href=\"https:\/\/media.bankgarden.se\/2015\/12\/Dahl_salen.jpg\"><img loading=\"lazy\" decoding=\"async\" class=\"alignnone size-full wp-image-61\" src=\"https:\/\/media.bankgarden.se\/2015\/12\/Dahl_salen.jpg\" alt=\"Dahl_salen\" width=\"800\" height=\"529\" srcset=\"https:\/\/media.bankgarden.se\/2015\/12\/Dahl_salen.jpg 800w, https:\/\/media.bankgarden.se\/2015\/12\/Dahl_salen-300x198.jpg 300w\" sizes=\"auto, (max-width: 800px) 100vw, 800px\" \/><\/a><\/p>\n<p>Jungfrun tillkallades till salen genom en ringsignal, som framkallades genom att man drog i en str\u00e4ng som finns ovanf\u00f6r bordet, vid lampan.<\/p>\n<p>D\u00e5 och d\u00e5 samlades n\u00e5gra musikaliska herrar i salen f\u00f6r att musicera. Alfred spelade fiol, liksom konstn\u00e4ren och violinisten Hugo Carlberg, och pianot trakterades av apotekare Englund.<\/p>\n<p><strong>K\u00f6ket<\/strong><\/p>\n<p><a href=\"https:\/\/media.bankgarden.se\/2015\/12\/Dahl_kok.jpg\"><img loading=\"lazy\" decoding=\"async\" class=\"alignnone size-full wp-image-62\" src=\"https:\/\/media.bankgarden.se\/2015\/12\/Dahl_kok.jpg\" alt=\"Dahl_kok\" width=\"800\" height=\"505\" srcset=\"https:\/\/media.bankgarden.se\/2015\/12\/Dahl_kok.jpg 800w, https:\/\/media.bankgarden.se\/2015\/12\/Dahl_kok-300x189.jpg 300w\" sizes=\"auto, (max-width: 800px) 100vw, 800px\" \/><\/a><\/p>\n<p>Det finns tv\u00e5 spisar i k\u00f6ket. Det beror p\u00e5 att Anna Dahl hade hush\u00e5llsskola d\u00e5 och d\u00e5 samt \u00e4ven en del matg\u00e4ster.<\/p>\n<p><strong>Jungfrukammare<\/strong><\/p>\n<p><a href=\"https:\/\/media.bankgarden.se\/2015\/12\/Dahl_jungfrukammare.jpg\"><img loading=\"lazy\" decoding=\"async\" class=\"size-full wp-image-63 alignleft\" src=\"https:\/\/media.bankgarden.se\/2015\/12\/Dahl_jungfrukammare.jpg\" alt=\"Dahl_jungfrukammare\" width=\"450\" height=\"349\" srcset=\"https:\/\/media.bankgarden.se\/2015\/12\/Dahl_jungfrukammare.jpg 450w, https:\/\/media.bankgarden.se\/2015\/12\/Dahl_jungfrukammare-300x233.jpg 300w\" sizes=\"auto, (max-width: 450px) 100vw, 450px\" \/><\/a><\/p>\n<p>Den sista jungfrun hos familjen Dahl slutade 1944. Anna var duktig p\u00e5 matlagning s\u00e5 jungfruns arbete omfattande inte matlagning utan enbart f\u00f6rberedelsearbete samt disk, st\u00e4dning och andra g\u00f6rom\u00e5l.<\/p>\n<p>&nbsp;<\/p>\n","protected":false},"excerpt":{"rendered":"<p>H\u00e4r ger vi en kort presentation av l\u00e4genheten och dess utformning. Kontoret I l\u00e4genhetens kontor residerade kronol\u00e4nsmannen Alfred Dahl och<\/p>\n","protected":false},"author":1,"featured_media":0,"parent":0,"menu_order":0,"comment_status":"closed","ping_status":"closed","template":"","meta":{"colormag_page_container_layout":"default_layout","colormag_page_sidebar_layout":"default_layout","footnotes":""},"class_list":["post-57","page","type-page","status-publish","hentry"],"_links":{"self":[{"href":"https:\/\/bankgarden.se\/index.php?rest_route=\/wp\/v2\/pages\/57","targetHints":{"allow":["GET"]}}],"collection":[{"href":"https:\/\/bankgarden.se\/index.php?rest_route=\/wp\/v2\/pages"}],"about":[{"href":"https:\/\/bankgarden.se\/index.php?rest_route=\/wp\/v2\/types\/page"}],"author":[{"embeddable":true,"href":"https:\/\/bankgarden.se\/index.php?rest_route=\/wp\/v2\/users\/1"}],"replies":[{"embeddable":true,"href":"https:\/\/bankgarden.se\/index.php?rest_route=%2Fwp%2Fv2%2Fcomments&post=57"}],"version-history":[{"count":4,"href":"https:\/\/bankgarden.se\/index.php?rest_route=\/wp\/v2\/pages\/57\/revisions"}],"predecessor-version":[{"id":452,"href":"https:\/\/bankgarden.se\/index.php?rest_route=\/wp\/v2\/pages\/57\/revisions\/452"}],"wp:attachment":[{"href":"https:\/\/bankgarden.se\/index.php?rest_route=%2Fwp%2Fv2%2Fmedia&parent=57"}],"curies":[{"name":"wp","href":"https:\/\/api.w.org\/{rel}","templated":true}]}}