{"id":607,"date":"2018-02-21T15:41:08","date_gmt":"2018-02-21T15:41:08","guid":{"rendered":"http:\/\/bankgarden.se\/?page_id=607"},"modified":"2018-02-21T15:41:08","modified_gmt":"2018-02-21T15:41:08","slug":"lek-och-allvar-leksaksutstallning","status":"publish","type":"page","link":"https:\/\/bankgarden.se\/?page_id=607","title":{"rendered":"Lek och Allvar &#8211; leksaksutst\u00e4llning"},"content":{"rendered":"<p><strong>S\u00f6ndagen den\u00a02 april 2017<\/strong> invigdes 2017 \u00e5rs utst\u00e4llning\u00a0<strong>Lek och Allvar <\/strong>av Sven Aronsson, Gemla. Se bilder p\u00e5 ett urval av leksaker nedan.<\/p>\n<p><img loading=\"lazy\" decoding=\"async\" class=\"size-full wp-image-520 alignleft\" src=\"https:\/\/media.bankgarden.se\/Utst-2017_inv.jpg\" alt=\"\" width=\"400\" height=\"571\" srcset=\"https:\/\/media.bankgarden.se\/Utst-2017_inv.jpg 400w, https:\/\/media.bankgarden.se\/Utst-2017_inv-210x300.jpg 210w\" sizes=\"auto, (max-width: 400px) 100vw, 400px\" \/>I dag uppfattas leksaker mest som objekt f\u00f6r barns lek. Under historiens g\u00e5ng var emellertid leken fr\u00e4mst ett s\u00e4tt att fostra barn i praktiska ting inf\u00f6r vuxenlivet. Hemskapade leksaksdjur, dockor och miniatyrredskap var de vuxnas vardag omformad f\u00f6r barn.<\/p>\n<p>I de sammanhang v\u00e4lgjorda dockor f\u00f6rekom tj\u00e4nde de mest som kostbar prydnad\u00a0 knappast avsedd f\u00f6r vardagsleken. Dockan med porslinshuvud och p\u00e5kostad dr\u00e4kt blickade ned p\u00e5 de leksugna barnen fr\u00e5n en hylla i ett rumsh\u00f6rn. Till n\u00e5ds plockades den ned n\u00e5gon g\u00e5ng f\u00f6r att barn under uppsikt skulle f\u00e5 k\u00e4nna p\u00e5 den.<br \/>\nBarns lek skedde i allm\u00e4nhet utan leksaker i modern mening. Hemmagjorda styltor, tunnband fr\u00e5n en trasig tunna eller en planka \u00f6ver en bock skapade m\u00f6jligheter till lek.<\/p>\n<p>I takt med industrialiseringen utvecklade en industri \u00e4ven f\u00f6r leksakstillverkning. Fr\u00e4msta materialen var pl\u00e5t och tr\u00e4. Tyska fabriker var tidiga med pl\u00e5tleksaker i form av t\u00e5g och senare \u00e4ven bilar. I Sverige startade tr\u00e4leksakstillverkning redan under 1860-talet i Gemla mellan Alvesta och V\u00e4xj\u00f6. Senare kom Br\u00f6derna Ivarsson i Osby (BRIO) att kliva in p\u00e5 marknaden. Gemlas gungh\u00e4star och BRIOs tr\u00e4t\u00e5g h\u00f6ll sig l\u00e4nge p\u00e5 marknaden.<\/p>\n<p>Bankmuseets utst\u00e4llning 2017 visar ett urval av \u00e4ldre leksaker, bl.a.\u00a0en rar samling leksaker\u00a0som normalt finns\u00a0i den Dahlska v\u00e5ningen. Viss komplettering av sommarutst\u00e4llningen har skett genom privata inl\u00e5n.<\/p>\n<figure id=\"attachment_526\" aria-describedby=\"caption-attachment-526\" style=\"width: 800px\" class=\"wp-caption alignnone\"><img loading=\"lazy\" decoding=\"async\" class=\"size-full wp-image-526\" src=\"https:\/\/media.bankgarden.se\/Utst_17_1.jpg\" alt=\"\" width=\"800\" height=\"469\" srcset=\"https:\/\/media.bankgarden.se\/Utst_17_1.jpg 800w, https:\/\/media.bankgarden.se\/Utst_17_1-300x176.jpg 300w\" sizes=\"auto, (max-width: 800px) 100vw, 800px\" \/><figcaption id=\"caption-attachment-526\" class=\"wp-caption-text\">I utst\u00e4llningen finns ett antal leksaker fr\u00e5n Dahls l\u00e4genhet.<\/figcaption><\/figure>\n<figure id=\"attachment_527\" aria-describedby=\"caption-attachment-527\" style=\"width: 800px\" class=\"wp-caption alignnone\"><img loading=\"lazy\" decoding=\"async\" class=\"size-full wp-image-527\" src=\"https:\/\/media.bankgarden.se\/Utst_17_2.jpg\" alt=\"\" width=\"800\" height=\"461\" srcset=\"https:\/\/media.bankgarden.se\/Utst_17_2.jpg 800w, https:\/\/media.bankgarden.se\/Utst_17_2-300x173.jpg 300w\" sizes=\"auto, (max-width: 800px) 100vw, 800px\" \/><figcaption id=\"caption-attachment-527\" class=\"wp-caption-text\">I l\u00e4genheten finns bland \u00e4ven leksaker med dess originalf\u00f6rpackning.<\/figcaption><\/figure>\n<figure id=\"attachment_528\" aria-describedby=\"caption-attachment-528\" style=\"width: 800px\" class=\"wp-caption alignnone\"><img loading=\"lazy\" decoding=\"async\" class=\"size-full wp-image-528\" src=\"https:\/\/media.bankgarden.se\/Utst_17_3.jpg\" alt=\"\" width=\"800\" height=\"482\" srcset=\"https:\/\/media.bankgarden.se\/Utst_17_3.jpg 800w, https:\/\/media.bankgarden.se\/Utst_17_3-300x181.jpg 300w\" sizes=\"auto, (max-width: 800px) 100vw, 800px\" \/><figcaption id=\"caption-attachment-528\" class=\"wp-caption-text\">H\u00e4r finns \u00e4ven ett st\u00f6rre antal leksaker fr\u00e5n Mickis Leksaker i Gemla, bl.a h\u00e4sten med gigg, som tillverkades p\u00e5 1940-talet. Till h\u00f6ger en docka fr\u00e5n Schildkr\u00f6t i Tyskland, fr\u00e5n 1950-talet.<\/figcaption><\/figure>\n<figure id=\"attachment_529\" aria-describedby=\"caption-attachment-529\" style=\"width: 800px\" class=\"wp-caption alignnone\"><img loading=\"lazy\" decoding=\"async\" class=\"size-full wp-image-529\" src=\"https:\/\/media.bankgarden.se\/Utst_17_4.jpg\" alt=\"\" width=\"800\" height=\"436\" srcset=\"https:\/\/media.bankgarden.se\/Utst_17_4.jpg 800w, https:\/\/media.bankgarden.se\/Utst_17_4-300x164.jpg 300w\" sizes=\"auto, (max-width: 800px) 100vw, 800px\" \/><figcaption id=\"caption-attachment-529\" class=\"wp-caption-text\">Ett docksk\u00e5p fr\u00e5n 1960-talet, med m\u00f6bler av \u00e4ldre datum.<\/figcaption><\/figure>\n<figure id=\"attachment_530\" aria-describedby=\"caption-attachment-530\" style=\"width: 800px\" class=\"wp-caption alignnone\"><img loading=\"lazy\" decoding=\"async\" class=\"size-full wp-image-530\" src=\"https:\/\/media.bankgarden.se\/Utst_17_5.jpg\" alt=\"\" width=\"800\" height=\"500\" srcset=\"https:\/\/media.bankgarden.se\/Utst_17_5.jpg 800w, https:\/\/media.bankgarden.se\/Utst_17_5-300x188.jpg 300w\" sizes=\"auto, (max-width: 800px) 100vw, 800px\" \/><figcaption id=\"caption-attachment-530\" class=\"wp-caption-text\">T.v. dockvagn, teddybj\u00f6rn och docka fr\u00e5n 1950-talet och t.h. en tr\u00e4b\u00e5t fr\u00e5n samma tid.<\/figcaption><\/figure>\n<figure id=\"attachment_532\" aria-describedby=\"caption-attachment-532\" style=\"width: 800px\" class=\"wp-caption alignnone\"><img loading=\"lazy\" decoding=\"async\" class=\"size-full wp-image-532\" src=\"https:\/\/media.bankgarden.se\/Utst_17_7.jpg\" alt=\"\" width=\"800\" height=\"269\" srcset=\"https:\/\/media.bankgarden.se\/Utst_17_7.jpg 800w, https:\/\/media.bankgarden.se\/Utst_17_7-300x101.jpg 300w\" sizes=\"auto, (max-width: 800px) 100vw, 800px\" \/><figcaption id=\"caption-attachment-532\" class=\"wp-caption-text\">H\u00e4st och soldater. H\u00e4sten ink\u00f6ptes 1935 och soldaterna \u00e4r tillverkade i elastolin i b\u00f6rjan p\u00e5 1940-talet.<\/figcaption><\/figure>\n<figure id=\"attachment_531\" aria-describedby=\"caption-attachment-531\" style=\"width: 800px\" class=\"wp-caption alignnone\"><img loading=\"lazy\" decoding=\"async\" class=\"size-full wp-image-531\" src=\"https:\/\/media.bankgarden.se\/Utst_17_6.jpg\" alt=\"\" width=\"800\" height=\"445\" srcset=\"https:\/\/media.bankgarden.se\/Utst_17_6.jpg 800w, https:\/\/media.bankgarden.se\/Utst_17_6-300x167.jpg 300w\" sizes=\"auto, (max-width: 800px) 100vw, 800px\" \/><figcaption id=\"caption-attachment-531\" class=\"wp-caption-text\">Rattk\u00e4lke med st\u00e5lmedar.<\/figcaption><\/figure>\n<figure id=\"attachment_533\" aria-describedby=\"caption-attachment-533\" style=\"width: 800px\" class=\"wp-caption alignnone\"><img loading=\"lazy\" decoding=\"async\" class=\"size-full wp-image-533\" src=\"https:\/\/media.bankgarden.se\/Utst_17_8.jpg\" alt=\"\" width=\"800\" height=\"418\" srcset=\"https:\/\/media.bankgarden.se\/Utst_17_8.jpg 800w, https:\/\/media.bankgarden.se\/Utst_17_8-300x157.jpg 300w\" sizes=\"auto, (max-width: 800px) 100vw, 800px\" \/><figcaption id=\"caption-attachment-533\" class=\"wp-caption-text\">En pl\u00e5tbil fr\u00e5n cirka 1950.<\/figcaption><\/figure>\n<p>Utst\u00e4llningen &#8221;Sparb\u00f6ssan genom tiderna&#8221; finns permanent i Bankg\u00e5rdens lokaler.<\/p>\n<p>L\u00f6rdagen den 13 oktober 2007 ut\u00f6kades verksamheten. D\u00e5 invigdes ett Bokm\u00e4rkesmuseum samt ett Maskinmuseum &#8211; &#8221;Fr\u00e5n g\u00e5spenna till dator&#8221; &#8211; i anslutning till Bankmuseet.<\/p>\n","protected":false},"excerpt":{"rendered":"<p>S\u00f6ndagen den\u00a02 april 2017 invigdes 2017 \u00e5rs utst\u00e4llning\u00a0Lek och Allvar av Sven Aronsson, Gemla. Se bilder p\u00e5 ett urval av<\/p>\n","protected":false},"author":1,"featured_media":0,"parent":0,"menu_order":0,"comment_status":"closed","ping_status":"closed","template":"","meta":{"colormag_page_container_layout":"default_layout","colormag_page_sidebar_layout":"default_layout","footnotes":""},"class_list":["post-607","page","type-page","status-publish","hentry"],"_links":{"self":[{"href":"https:\/\/bankgarden.se\/index.php?rest_route=\/wp\/v2\/pages\/607","targetHints":{"allow":["GET"]}}],"collection":[{"href":"https:\/\/bankgarden.se\/index.php?rest_route=\/wp\/v2\/pages"}],"about":[{"href":"https:\/\/bankgarden.se\/index.php?rest_route=\/wp\/v2\/types\/page"}],"author":[{"embeddable":true,"href":"https:\/\/bankgarden.se\/index.php?rest_route=\/wp\/v2\/users\/1"}],"replies":[{"embeddable":true,"href":"https:\/\/bankgarden.se\/index.php?rest_route=%2Fwp%2Fv2%2Fcomments&post=607"}],"version-history":[{"count":1,"href":"https:\/\/bankgarden.se\/index.php?rest_route=\/wp\/v2\/pages\/607\/revisions"}],"predecessor-version":[{"id":608,"href":"https:\/\/bankgarden.se\/index.php?rest_route=\/wp\/v2\/pages\/607\/revisions\/608"}],"wp:attachment":[{"href":"https:\/\/bankgarden.se\/index.php?rest_route=%2Fwp%2Fv2%2Fmedia&parent=607"}],"curies":[{"name":"wp","href":"https:\/\/api.w.org\/{rel}","templated":true}]}}