{"id":616,"date":"2018-03-20T14:19:30","date_gmt":"2018-03-20T14:19:30","guid":{"rendered":"http:\/\/bankgarden.se\/?page_id=616"},"modified":"2018-03-20T14:19:30","modified_gmt":"2018-03-20T14:19:30","slug":"poetiska-stygn-folkkonst-pa-vagg","status":"publish","type":"page","link":"https:\/\/bankgarden.se\/?page_id=616","title":{"rendered":"Poetiska stygn &#8211; folkkonst p\u00e5 v\u00e4gg"},"content":{"rendered":"<p>2018 \u00e5rs utst\u00e4llning \u00e4r sydda bonader. Det \u00e4r Britt-Marie Ney som l\u00e5nat ut n\u00e4rmare 150 sydda bonader &#8211; av de 500 bonader som hon sj\u00e4lv sytt. Gamla Bankg\u00e5rden vill med utst\u00e4llningen lyfta fram en betydelsefull epok i de svenska hemmens dekorationsiver.<\/p>\n<figure id=\"attachment_617\" aria-describedby=\"caption-attachment-617\" style=\"width: 800px\" class=\"wp-caption alignnone\"><img loading=\"lazy\" decoding=\"async\" class=\"wp-image-617 size-full\" src=\"https:\/\/media.bankgarden.se\/180325_BMN.jpg\" alt=\"\" width=\"800\" height=\"484\" srcset=\"https:\/\/media.bankgarden.se\/180325_BMN.jpg 800w, https:\/\/media.bankgarden.se\/180325_BMN-300x182.jpg 300w\" sizes=\"auto, (max-width: 800px) 100vw, 800px\" \/><figcaption id=\"caption-attachment-617\" class=\"wp-caption-text\">Britt-Marie Ney framf\u00f6r n\u00e5gra av de bonader som finns uppsatta i Gamla Bankg\u00e5rdens utst\u00e4llning.<\/figcaption><\/figure>\n<p>Ett litet urval av\u00a0utst\u00e4llningens m\u00e5nga\u00a0bonader.<br \/>\n<img loading=\"lazy\" decoding=\"async\" class=\"alignnone size-full wp-image-618\" src=\"https:\/\/media.bankgarden.se\/180325_bonader.jpg\" alt=\"\" width=\"800\" height=\"1300\" srcset=\"https:\/\/media.bankgarden.se\/180325_bonader.jpg 800w, https:\/\/media.bankgarden.se\/180325_bonader-185x300.jpg 185w, https:\/\/media.bankgarden.se\/180325_bonader-630x1024.jpg 630w\" sizes=\"auto, (max-width: 800px) 100vw, 800px\" \/><\/p>\n","protected":false},"excerpt":{"rendered":"<p>2018 \u00e5rs utst\u00e4llning \u00e4r sydda bonader. Det \u00e4r Britt-Marie Ney som l\u00e5nat ut n\u00e4rmare 150 sydda bonader &#8211; av de<\/p>\n","protected":false},"author":1,"featured_media":0,"parent":0,"menu_order":0,"comment_status":"closed","ping_status":"closed","template":"","meta":{"colormag_page_container_layout":"default_layout","colormag_page_sidebar_layout":"default_layout","footnotes":""},"class_list":["post-616","page","type-page","status-publish","hentry"],"_links":{"self":[{"href":"https:\/\/bankgarden.se\/index.php?rest_route=\/wp\/v2\/pages\/616","targetHints":{"allow":["GET"]}}],"collection":[{"href":"https:\/\/bankgarden.se\/index.php?rest_route=\/wp\/v2\/pages"}],"about":[{"href":"https:\/\/bankgarden.se\/index.php?rest_route=\/wp\/v2\/types\/page"}],"author":[{"embeddable":true,"href":"https:\/\/bankgarden.se\/index.php?rest_route=\/wp\/v2\/users\/1"}],"replies":[{"embeddable":true,"href":"https:\/\/bankgarden.se\/index.php?rest_route=%2Fwp%2Fv2%2Fcomments&post=616"}],"version-history":[{"count":1,"href":"https:\/\/bankgarden.se\/index.php?rest_route=\/wp\/v2\/pages\/616\/revisions"}],"predecessor-version":[{"id":619,"href":"https:\/\/bankgarden.se\/index.php?rest_route=\/wp\/v2\/pages\/616\/revisions\/619"}],"wp:attachment":[{"href":"https:\/\/bankgarden.se\/index.php?rest_route=%2Fwp%2Fv2%2Fmedia&parent=616"}],"curies":[{"name":"wp","href":"https:\/\/api.w.org\/{rel}","templated":true}]}}