{"id":632,"date":"2018-05-18T16:44:28","date_gmt":"2018-05-18T16:44:28","guid":{"rendered":"http:\/\/bankgarden.se\/?page_id=632"},"modified":"2018-05-18T16:44:28","modified_gmt":"2018-05-18T16:44:28","slug":"mynt-och-sedelsamling","status":"publish","type":"page","link":"https:\/\/bankgarden.se\/?page_id=632","title":{"rendered":"Mynt- och sedelsamling"},"content":{"rendered":"<p>Sven-Eskil \u00d6hrskog, V\u00e4xj\u00f6, kom 2009 i kontakt med Gamla Bankg\u00e5rden i Vrigstad. D\u00e5 visades utst\u00e4llningen \u201dHandelns och penningarnas historia \u2013 fr\u00e5n Hedenh\u00f6s till \u00e5r 2100\u201d d\u00e4r \u00d6hrskog visade upp en del av sin sedel- och myntsamling. Han kom i kontakt med Stig Marz, som d\u00e5 var ordf\u00f6rande i Stiftelsen Gamla Bankg\u00e5rden, och den kontakten har bibeh\u00e5llits och varit en orsak till att \u00d6hrskog\u00a0den 17 maj 2018\u00a0sk\u00e4nkte en stor del av sin samling till Bankmuseet.<\/p>\n<p>-Det \u00e4r b\u00e5de sedlar och mynt och \u00e4ven en del medaljer som finns med i g\u00e5van, ber\u00e4ttar Sven-Eskil \u00d6hrskog. Jag har sj\u00e4lv arbetat p\u00e5 bank och det var d\u00e4r intresset f\u00f6r numismatiken f\u00f6ddes. Det ligger m\u00e5nga \u00e5rs samlande bakom det som nu sk\u00e4nks. H\u00e4r finns bl.a. mynt fr\u00e5n 1600-talet och fram till v\u00e5ra dagar. H\u00e4r finns \u00e4ven gamla sedlar samt lokalmynt och egna sedlar som lokalbankerna gjorde.<\/p>\n<p>-Vi \u00e4r mycket glada och tacksamma f\u00f6r g\u00e5van, s\u00e4ger Stiftelsens nuvarande ordf\u00f6rande Mats Carlsson. Museet blir mer komplett tack vare g\u00e5van med den stora samlingen av mynt och sedlar som str\u00e4cker sig flera hundra \u00e5r tillbaka.<\/p>\n<figure id=\"attachment_633\" aria-describedby=\"caption-attachment-633\" style=\"width: 800px\" class=\"wp-caption alignnone\"><img loading=\"lazy\" decoding=\"async\" class=\"wp-image-633 size-full\" src=\"https:\/\/media.bankgarden.se\/180517_1.jpg\" alt=\"\" width=\"800\" height=\"501\" srcset=\"https:\/\/media.bankgarden.se\/180517_1.jpg 800w, https:\/\/media.bankgarden.se\/180517_1-300x188.jpg 300w\" sizes=\"auto, (max-width: 800px) 100vw, 800px\" \/><figcaption id=\"caption-attachment-633\" class=\"wp-caption-text\">Sven-Eskil \u00d6hrskog med hustrun Birgitta samt Bankg\u00e5rdens representanter Kerstin Carlsson, Stig Marz och Mats Carlsson. H\u00e4r visas mynt fr\u00e5n 1660, d\u00e5 Karl XI regerade, samt \u00e4ldre sedlar.<\/figcaption><\/figure>\n<figure id=\"attachment_634\" aria-describedby=\"caption-attachment-634\" style=\"width: 800px\" class=\"wp-caption alignnone\"><img loading=\"lazy\" decoding=\"async\" class=\"wp-image-634 size-full\" src=\"https:\/\/media.bankgarden.se\/180517_2.jpg\" alt=\"\" width=\"800\" height=\"512\" srcset=\"https:\/\/media.bankgarden.se\/180517_2.jpg 800w, https:\/\/media.bankgarden.se\/180517_2-300x192.jpg 300w\" sizes=\"auto, (max-width: 800px) 100vw, 800px\" \/><figcaption id=\"caption-attachment-634\" class=\"wp-caption-text\">Sven-Eskil \u00d6hrskog visar sedlar fr\u00e5n Sm\u00e5lands Enskilda Bank och Oskarshamns Enskilda Bank.<\/figcaption><\/figure>\n<figure id=\"attachment_635\" aria-describedby=\"caption-attachment-635\" style=\"width: 800px\" class=\"wp-caption alignnone\"><img loading=\"lazy\" decoding=\"async\" class=\"wp-image-635 size-full\" src=\"https:\/\/media.bankgarden.se\/180517_3.jpg\" alt=\"\" width=\"800\" height=\"521\" srcset=\"https:\/\/media.bankgarden.se\/180517_3.jpg 800w, https:\/\/media.bankgarden.se\/180517_3-300x195.jpg 300w\" sizes=\"auto, (max-width: 800px) 100vw, 800px\" \/><figcaption id=\"caption-attachment-635\" class=\"wp-caption-text\">I samlingen finns \u00e4ven ett antal olika medaljer.<\/figcaption><\/figure>\n<p>&nbsp;<\/p>\n<p>&nbsp;<\/p>\n","protected":false},"excerpt":{"rendered":"<p>Sven-Eskil \u00d6hrskog, V\u00e4xj\u00f6, kom 2009 i kontakt med Gamla Bankg\u00e5rden i Vrigstad. D\u00e5 visades utst\u00e4llningen \u201dHandelns och penningarnas historia \u2013<\/p>\n","protected":false},"author":1,"featured_media":0,"parent":0,"menu_order":0,"comment_status":"closed","ping_status":"closed","template":"","meta":{"colormag_page_container_layout":"default_layout","colormag_page_sidebar_layout":"default_layout","footnotes":""},"class_list":["post-632","page","type-page","status-publish","hentry"],"_links":{"self":[{"href":"https:\/\/bankgarden.se\/index.php?rest_route=\/wp\/v2\/pages\/632","targetHints":{"allow":["GET"]}}],"collection":[{"href":"https:\/\/bankgarden.se\/index.php?rest_route=\/wp\/v2\/pages"}],"about":[{"href":"https:\/\/bankgarden.se\/index.php?rest_route=\/wp\/v2\/types\/page"}],"author":[{"embeddable":true,"href":"https:\/\/bankgarden.se\/index.php?rest_route=\/wp\/v2\/users\/1"}],"replies":[{"embeddable":true,"href":"https:\/\/bankgarden.se\/index.php?rest_route=%2Fwp%2Fv2%2Fcomments&post=632"}],"version-history":[{"count":1,"href":"https:\/\/bankgarden.se\/index.php?rest_route=\/wp\/v2\/pages\/632\/revisions"}],"predecessor-version":[{"id":636,"href":"https:\/\/bankgarden.se\/index.php?rest_route=\/wp\/v2\/pages\/632\/revisions\/636"}],"wp:attachment":[{"href":"https:\/\/bankgarden.se\/index.php?rest_route=%2Fwp%2Fv2%2Fmedia&parent=632"}],"curies":[{"name":"wp","href":"https:\/\/api.w.org\/{rel}","templated":true}]}}