{"id":755,"date":"2020-01-04T17:35:56","date_gmt":"2020-01-04T17:35:56","guid":{"rendered":"http:\/\/bankgarden.se\/?page_id=755"},"modified":"2020-01-04T17:37:08","modified_gmt":"2020-01-04T17:37:08","slug":"alf-och-pernilla-wihren","status":"publish","type":"page","link":"https:\/\/bankgarden.se\/?page_id=755","title":{"rendered":"Alf och Pernilla Wihr\u00e9n"},"content":{"rendered":"<p dir=\"LTR\" align=\"JUSTIFY\">Den 1 augusti 1980 \u00f6verl\u00e4t Lennart Rolf sitt f\u00f6retag till Ingemar Rolf och Alf Wihr\u00e9n, som bildat Ostkaksbageriet i Vrigstad AB. Kapaciteten i d\u00e5varande lokalerna var cirka 500 kg per dag.<\/p>\n<p dir=\"LTR\" align=\"JUSTIFY\">H\u00f6sten 1982 byggde man 430 m2 lokaler \u2013 f\u00f6r produktion, kontor och personalutrymme. I mars 1983 togs de nya moderna lokalerna i bruk.<\/p>\n<p dir=\"LTR\" align=\"JUSTIFY\">Genom nybyggnationen \u00f6kade man bakkapaciteten till 1 200 kg ostkaka per dag.<\/p>\n<p dir=\"LTR\" align=\"JUSTIFY\">1989 delade kompanjonerna p\u00e5 sig och Alf och Birgitta Wihr\u00e9n tog \u00f6ver ostkakstillverkningen och Ingemar fortsatte med osttillverkningen, som d\u00e5 fadern Lennart upph\u00f6rt med.<\/p>\n<p dir=\"LTR\" align=\"JUSTIFY\">Alf har fortsatt att utveckla ostkaksbageriet med successiva investeringar i bl.a. tillverkningsdelen.<\/p>\n<p dir=\"LTR\" align=\"JUSTIFY\">Ostkakan bakas fortfarande efter det ursprungliga recept man anv\u00e4nt i generationer, enbart med svenska r\u00e5varor, f\u00f6rutom mandeln och ostl\u00f6pet. F\u00f6retagets motto \u00e4r kvalit\u00e9 \u2013 att man efterliknar g\u00e5ngna tiders hembakade ostkaka.<\/p>\n<p dir=\"LTR\" align=\"JUSTIFY\">F\u00f6retaget sk\u00f6ter sj\u00e4lva f\u00f6rs\u00e4ljning och distribution p\u00e5 en radie av tio mil runt Vrigstad. Fr\u00e5n \u00e5r 1990 har Ostkaksbageriet ett samarbete p\u00e5 stork\u00f6ksmarknaden via Orkla.<\/p>\n<p dir=\"LTR\" align=\"JUSTIFY\">Sedan mars 2014 har man ett avtal med ICA om leveranser till deras centrallager, varifr\u00e5n ostkakorna sprids till hela landet. Liknande avtal har man sedan februari 2016 med Coop. Det st\u00e4ller nya krav p\u00e5 b\u00e5de produktions- och leveranskapacitet.<\/p>\n<p dir=\"LTR\" align=\"JUSTIFY\">2014 tog man d\u00e4rf\u00f6r ett beslut om en ny stor investering. Man byggde till 300 m2 f\u00f6r att ge utrymme \u00e5t en utlastningskyl, frys och lager. Detta ger m\u00f6jlighet att effektivisera produktionen i det gamla bageriet. Man har ocks\u00e5 f\u00e5tt g\u00f6ra investeringar i bl.a. datasystemen f\u00f6r att kunna matcha de krav som ICA och Coop st\u00e4ller.<\/p>\n<p dir=\"LTR\" align=\"JUSTIFY\">I dag f\u00f6rpackar man alla ostkakor manuellt. Tre personer packar cirka 900-1000 ostkakor per timma \u2013 om det \u00e4r f\u00f6rberett med datumst\u00e4mplade lock. Nu p\u00e5g\u00e5r d\u00e4rf\u00f6r arbetet med att utveckla och investera i en f\u00f6rpackningsmaskin f\u00f6r att effektivisera den delen i produktionen.<\/p>\n<p dir=\"LTR\" align=\"JUSTIFY\">Idag har man m\u00f6jlighet att producera upp till sex ton ostkaka i veckan och man f\u00f6rbereder sig p\u00e5 att \u00f6ka produktionen ytterligare. F\u00f6r att klara det steget m\u00e5ste man inf\u00f6ra ytterligare ett skift p\u00e5 f\u00f6retaget.<\/p>\n<p dir=\"LTR\" align=\"JUSTIFY\">Internt i f\u00f6retaget p\u00e5g\u00e5r ocks\u00e5 f\u00f6r\u00e4ndringar. Idag \u00e4ger Alf och Birgitta majoriteten av aktierna, med d\u00f6ttrarna Pernilla och Carolina som minoritets\u00e4gare.<\/p>\n<p dir=\"LTR\" align=\"JUSTIFY\">2014 b\u00f6rjade Pernilla jobba i f\u00f6retaget och en\u00a0generationsv\u00e4xling \u00e4r p\u00e5 g\u00e5ng. Alf har b\u00f6rjat trappa ner och Pernilla kommer p\u00e5 lite sikt att ikl\u00e4da sig VD-rollen.<\/p>\n<figure style=\"width: 700px\" class=\"wp-caption alignnone\"><img loading=\"lazy\" decoding=\"async\" src=\"http:\/\/media.vrigstadshembygdsforening.se\/W_Ostkaksb_2.jpg\" alt=\"\" width=\"700\" height=\"465\" \/><figcaption class=\"wp-caption-text\">Alf Wihr\u00e9n med dottern Pernilla som p\u00e5 sikt kommer att ta \u00f6ver VD-rollen i f\u00f6retaget.<\/figcaption><\/figure>\n<p dir=\"LTR\" align=\"JUSTIFY\">F\u00f6retagets motto \u00e4r inte att bli st\u00f6rst utan f\u00f6rs\u00f6ka vara b\u00e4st. F\u00f6retaget har idag sex anst\u00e4llda.<\/p>\n","protected":false},"excerpt":{"rendered":"<p>Den 1 augusti 1980 \u00f6verl\u00e4t Lennart Rolf sitt f\u00f6retag till Ingemar Rolf och Alf Wihr\u00e9n, som bildat Ostkaksbageriet i Vrigstad<\/p>\n","protected":false},"author":1,"featured_media":0,"parent":0,"menu_order":0,"comment_status":"closed","ping_status":"closed","template":"","meta":{"colormag_page_container_layout":"default_layout","colormag_page_sidebar_layout":"default_layout","footnotes":""},"class_list":["post-755","page","type-page","status-publish","hentry"],"_links":{"self":[{"href":"https:\/\/bankgarden.se\/index.php?rest_route=\/wp\/v2\/pages\/755","targetHints":{"allow":["GET"]}}],"collection":[{"href":"https:\/\/bankgarden.se\/index.php?rest_route=\/wp\/v2\/pages"}],"about":[{"href":"https:\/\/bankgarden.se\/index.php?rest_route=\/wp\/v2\/types\/page"}],"author":[{"embeddable":true,"href":"https:\/\/bankgarden.se\/index.php?rest_route=\/wp\/v2\/users\/1"}],"replies":[{"embeddable":true,"href":"https:\/\/bankgarden.se\/index.php?rest_route=%2Fwp%2Fv2%2Fcomments&post=755"}],"version-history":[{"count":1,"href":"https:\/\/bankgarden.se\/index.php?rest_route=\/wp\/v2\/pages\/755\/revisions"}],"predecessor-version":[{"id":756,"href":"https:\/\/bankgarden.se\/index.php?rest_route=\/wp\/v2\/pages\/755\/revisions\/756"}],"wp:attachment":[{"href":"https:\/\/bankgarden.se\/index.php?rest_route=%2Fwp%2Fv2%2Fmedia&parent=755"}],"curies":[{"name":"wp","href":"https:\/\/api.w.org\/{rel}","templated":true}]}}