{"id":78,"date":"2015-12-01T15:17:35","date_gmt":"2015-12-01T15:17:35","guid":{"rendered":"http:\/\/bankgarden.se\/?page_id=78"},"modified":"2015-12-27T17:58:04","modified_gmt":"2015-12-27T17:58:04","slug":"familjen-alfred-dahl","status":"publish","type":"page","link":"https:\/\/bankgarden.se\/?page_id=78","title":{"rendered":"Familjen Alfred Dahl"},"content":{"rendered":"<p>Alfred Dahl, f\u00f6ddes 1858 i Anderstorps socken och tilltr\u00e4dde sin tj\u00e4nst som kronol\u00e4nsman i Vrigstad 1887. Alfred invaldes redan 1888 i bankens styrelse och innehade olika befattningar \u00e4nda fram till sin bortg\u00e5ng 1945. Han hade s\u00e5ledes oavbrutet under 57 \u00e5r varit verksam i bankens ledning.<\/p>\n<p>Han ingick \u00e4ktenskap 1889 med Anna Pont\u00e9n, f\u00f6dd 1869 i Korsberga och dotter till prosten Daniel Gustaf Ponten och hans hustru Sofia f\u00f6dd Kuylenstierna. I samband med gifterm\u00e5let bosatte de sig i Sunnerby Norreg\u00e5rd. D\u00e4r f\u00f6ddes de tre \u00e4ldsta barnen, Gustaf, 1890, borgm\u00e4stare i Sigtuna, Anders, 1892, f\u00f6rs\u00e4krings- direkt\u00f6r i Thule Stockholm samt Anna Elisabeth, 1894, allm\u00e4nt kallad Anna-Beth, gift med Einar Ralf, professor och direkt\u00f6r f\u00f6r Musikh\u00f6gskolan i Stockholm.<\/p>\n<p>1898 flyttar familjen fr\u00e5n Sunnerby Norreg\u00e5rd hit till Bolagsg\u00e5rden. H\u00e4r f\u00f6ds tvillingar 1900. En var d\u00f6d vid f\u00f6dseln och den andra, Brita, dog 1903. 1904 f\u00f6ds den sista i barnaskaran. Hon fick namnet Margit och var den som bodde kvar i l\u00e4genheten till sin bortg\u00e5ng 1995 med lite kortare avbrott som turistv\u00e4rdinna p\u00e5 n\u00e5got h\u00f6gfj\u00e4llshotell. Margit var en duktig keramiker, vilket bl.a. illustreras i en miniutst\u00e4llning i l\u00e4genheten.<\/p>\n<figure id=\"attachment_367\" aria-describedby=\"caption-attachment-367\" style=\"width: 800px\" class=\"wp-caption alignnone\"><a href=\"https:\/\/media.bankgarden.se\/2015\/12\/Dahl_fam.jpg\" rel=\"attachment wp-att-367\"><img loading=\"lazy\" decoding=\"async\" class=\"size-full wp-image-367\" src=\"https:\/\/media.bankgarden.se\/2015\/12\/Dahl_fam.jpg\" alt=\"Landsfiskal Alfred Dahl med familj i Bolagsg\u00e5rdens tr\u00e4dg\u00e5rd \u00e5r 1914. Fr. v. Anders, Alfred, hustrun Anna, Sigrid (syster till Alfred), Anna-Beth och Gustaf. \" width=\"800\" height=\"529\" srcset=\"https:\/\/media.bankgarden.se\/2015\/12\/Dahl_fam.jpg 800w, https:\/\/media.bankgarden.se\/2015\/12\/Dahl_fam-300x198.jpg 300w, https:\/\/media.bankgarden.se\/2015\/12\/Dahl_fam-768x508.jpg 768w\" sizes=\"auto, (max-width: 800px) 100vw, 800px\" \/><\/a><figcaption id=\"caption-attachment-367\" class=\"wp-caption-text\">Landsfiskal Alfred Dahl med familj i Bolagsg\u00e5rdens tr\u00e4dg\u00e5rd \u00e5r 1914. Fr. v. Anders, Alfred, hustrun Anna, Sigrid (syster till Alfred), Anna-Beth och Gustaf.<\/figcaption><\/figure>\n<p>Hennes verkstad med br\u00e4nnugn var inrymd i tv\u00e4ttstugan, som \u00e4r det lilla r\u00f6da huset inne p\u00e5 g\u00e5rden. N\u00e4r Margit gick ur tiden 1995 blev det allts\u00e5 slutet p\u00e5 familjen Dahls n\u00e4ra 100-\u00e5riga boende i Gamla Bankg\u00e5rden. Margit hade 1988 testamenterat sitt bohag h\u00e4r i v\u00e5ningen till d\u00e5varande Sparbanken Alfa,\u00a0senare F\u00f6reningsSparbanken och Swedbank, som genom ett g\u00e5vobrev \u00f6verl\u00e4mnat inventarierna i Bankmuseet och l\u00e4genheten till &#8221;Stiftelsen Gamla Bankg\u00e5rden i Vrigstad&#8221;.<\/p>\n","protected":false},"excerpt":{"rendered":"<p>Alfred Dahl, f\u00f6ddes 1858 i Anderstorps socken och tilltr\u00e4dde sin tj\u00e4nst som kronol\u00e4nsman i Vrigstad 1887. Alfred invaldes redan 1888<\/p>\n","protected":false},"author":1,"featured_media":0,"parent":0,"menu_order":0,"comment_status":"closed","ping_status":"closed","template":"","meta":{"colormag_page_container_layout":"default_layout","colormag_page_sidebar_layout":"default_layout","footnotes":""},"class_list":["post-78","page","type-page","status-publish","hentry"],"_links":{"self":[{"href":"https:\/\/bankgarden.se\/index.php?rest_route=\/wp\/v2\/pages\/78","targetHints":{"allow":["GET"]}}],"collection":[{"href":"https:\/\/bankgarden.se\/index.php?rest_route=\/wp\/v2\/pages"}],"about":[{"href":"https:\/\/bankgarden.se\/index.php?rest_route=\/wp\/v2\/types\/page"}],"author":[{"embeddable":true,"href":"https:\/\/bankgarden.se\/index.php?rest_route=\/wp\/v2\/users\/1"}],"replies":[{"embeddable":true,"href":"https:\/\/bankgarden.se\/index.php?rest_route=%2Fwp%2Fv2%2Fcomments&post=78"}],"version-history":[{"count":4,"href":"https:\/\/bankgarden.se\/index.php?rest_route=\/wp\/v2\/pages\/78\/revisions"}],"predecessor-version":[{"id":369,"href":"https:\/\/bankgarden.se\/index.php?rest_route=\/wp\/v2\/pages\/78\/revisions\/369"}],"wp:attachment":[{"href":"https:\/\/bankgarden.se\/index.php?rest_route=%2Fwp%2Fv2%2Fmedia&parent=78"}],"curies":[{"name":"wp","href":"https:\/\/api.w.org\/{rel}","templated":true}]}}