{"id":827,"date":"2021-05-25T08:41:09","date_gmt":"2021-05-25T08:41:09","guid":{"rendered":"http:\/\/bankgarden.se\/?page_id=827"},"modified":"2021-05-25T08:42:03","modified_gmt":"2021-05-25T08:42:03","slug":"palettens-vrigstad-med-lokala-konstnarer","status":"publish","type":"page","link":"https:\/\/bankgarden.se\/?page_id=827","title":{"rendered":"Palettens Vrigstad med lokala konstn\u00e4rer"},"content":{"rendered":"<h2>&#8221;Palettens Vrigstad&#8221; med lokala konstn\u00e4rer<\/h2>\n<p><img loading=\"lazy\" decoding=\"async\" class=\"size-full wp-image-681 alignleft\" src=\"https:\/\/media.bankgarden.se\/Affisch_19.jpg\" alt=\"\" width=\"450\" height=\"632\" srcset=\"https:\/\/media.bankgarden.se\/Affisch_19.jpg 450w, https:\/\/media.bankgarden.se\/Affisch_19-214x300.jpg 214w\" sizes=\"auto, (max-width: 450px) 100vw, 450px\" \/><\/p>\n<p>Under 2019\u00a0visas verk av lokala konstn\u00e4rer\u00a0p\u00e5 Gamla Bankg\u00e5rden. Invigning av den nya utst\u00e4llningen\u00a0h\u00f6lls s\u00f6ndagen den 24 mars.<\/p>\n<p>H\u00e4r visas\u00a0cirka 30\u00a0verk av Ture Fabiansson, Hugo Carlberg, Nils Gunnarsson och Sara Britta Ekman.<\/p>\n<p>&nbsp;<\/p>\n<p>&nbsp;<\/p>\n<p>&nbsp;<\/p>\n<p>&nbsp;<\/p>\n<p>&nbsp;<\/p>\n<figure id=\"attachment_682\" aria-describedby=\"caption-attachment-682\" style=\"width: 800px\" class=\"wp-caption alignnone\"><img loading=\"lazy\" decoding=\"async\" class=\"wp-image-682 size-full\" src=\"https:\/\/media.bankgarden.se\/TF.jpg\" alt=\"\" width=\"800\" height=\"607\" srcset=\"https:\/\/media.bankgarden.se\/TF.jpg 800w, https:\/\/media.bankgarden.se\/TF-300x228.jpg 300w\" sizes=\"auto, (max-width: 800px) 100vw, 800px\" \/><figcaption id=\"caption-attachment-682\" class=\"wp-caption-text\">Ture Fabiansson<\/figcaption><\/figure>\n<figure id=\"attachment_678\" aria-describedby=\"caption-attachment-678\" style=\"width: 800px\" class=\"wp-caption alignnone\"><img loading=\"lazy\" decoding=\"async\" class=\"size-full wp-image-678\" src=\"https:\/\/media.bankgarden.se\/HC.jpg\" alt=\"\" width=\"800\" height=\"724\" srcset=\"https:\/\/media.bankgarden.se\/HC.jpg 800w, https:\/\/media.bankgarden.se\/HC-300x272.jpg 300w\" sizes=\"auto, (max-width: 800px) 100vw, 800px\" \/><figcaption id=\"caption-attachment-678\" class=\"wp-caption-text\">Hugo Carlberg.<\/figcaption><\/figure>\n<figure id=\"attachment_679\" aria-describedby=\"caption-attachment-679\" style=\"width: 800px\" class=\"wp-caption alignnone\"><img loading=\"lazy\" decoding=\"async\" class=\"size-full wp-image-679\" src=\"https:\/\/media.bankgarden.se\/NG.jpg\" alt=\"\" width=\"800\" height=\"661\" srcset=\"https:\/\/media.bankgarden.se\/NG.jpg 800w, https:\/\/media.bankgarden.se\/NG-300x248.jpg 300w\" sizes=\"auto, (max-width: 800px) 100vw, 800px\" \/><figcaption id=\"caption-attachment-679\" class=\"wp-caption-text\">Nils Gunnarsson.<\/figcaption><\/figure>\n<figure id=\"attachment_680\" aria-describedby=\"caption-attachment-680\" style=\"width: 800px\" class=\"wp-caption alignnone\"><img loading=\"lazy\" decoding=\"async\" class=\"size-full wp-image-680\" src=\"https:\/\/media.bankgarden.se\/SBE.jpg\" alt=\"\" width=\"800\" height=\"635\" srcset=\"https:\/\/media.bankgarden.se\/SBE.jpg 800w, https:\/\/media.bankgarden.se\/SBE-300x238.jpg 300w\" sizes=\"auto, (max-width: 800px) 100vw, 800px\" \/><figcaption id=\"caption-attachment-680\" class=\"wp-caption-text\">Sara Britta Ekman.<\/figcaption><\/figure>\n<p>&nbsp;<\/p>\n","protected":false},"excerpt":{"rendered":"<p>&#8221;Palettens Vrigstad&#8221; med lokala konstn\u00e4rer Under 2019\u00a0visas verk av lokala konstn\u00e4rer\u00a0p\u00e5 Gamla Bankg\u00e5rden. Invigning av den nya utst\u00e4llningen\u00a0h\u00f6lls s\u00f6ndagen den<\/p>\n","protected":false},"author":1,"featured_media":0,"parent":0,"menu_order":0,"comment_status":"closed","ping_status":"closed","template":"","meta":{"colormag_page_container_layout":"default_layout","colormag_page_sidebar_layout":"default_layout","footnotes":""},"class_list":["post-827","page","type-page","status-publish","hentry"],"_links":{"self":[{"href":"https:\/\/bankgarden.se\/index.php?rest_route=\/wp\/v2\/pages\/827","targetHints":{"allow":["GET"]}}],"collection":[{"href":"https:\/\/bankgarden.se\/index.php?rest_route=\/wp\/v2\/pages"}],"about":[{"href":"https:\/\/bankgarden.se\/index.php?rest_route=\/wp\/v2\/types\/page"}],"author":[{"embeddable":true,"href":"https:\/\/bankgarden.se\/index.php?rest_route=\/wp\/v2\/users\/1"}],"replies":[{"embeddable":true,"href":"https:\/\/bankgarden.se\/index.php?rest_route=%2Fwp%2Fv2%2Fcomments&post=827"}],"version-history":[{"count":2,"href":"https:\/\/bankgarden.se\/index.php?rest_route=\/wp\/v2\/pages\/827\/revisions"}],"predecessor-version":[{"id":829,"href":"https:\/\/bankgarden.se\/index.php?rest_route=\/wp\/v2\/pages\/827\/revisions\/829"}],"wp:attachment":[{"href":"https:\/\/bankgarden.se\/index.php?rest_route=%2Fwp%2Fv2%2Fmedia&parent=827"}],"curies":[{"name":"wp","href":"https:\/\/api.w.org\/{rel}","templated":true}]}}