{"id":96,"date":"2015-12-02T17:17:41","date_gmt":"2015-12-02T17:17:41","guid":{"rendered":"http:\/\/bankgarden.se\/?page_id=96"},"modified":"2022-07-14T13:52:21","modified_gmt":"2022-07-14T13:52:21","slug":"utstallningar","status":"publish","type":"page","link":"https:\/\/bankgarden.se\/?page_id=96","title":{"rendered":"Utst\u00e4llningar"},"content":{"rendered":"<h2>VRIGSTADENTREPREN\u00d6RER\u00a0&#8211; hur Vrigstad blev Vrigstad<\/h2>\n<p>Filmer om hur Vrigstad blev Vrigstad &#8211; en historiebeskrivning med fokus p\u00e5 v\u00e5ra entrepren\u00f6rer.<br \/>\n<a href=\"https:\/\/youtu.be\/CGhunH_OBGQ\" target=\"_blank\" rel=\"noopener\">Film p\u00e5 fem minuter<\/a><br \/>\n<a href=\"https:\/\/youtu.be\/lQTKTO5wjpA\" target=\"_blank\" rel=\"noopener\">Film p\u00e5 elva minuter<\/a><\/p>\n<p>Den 27 mars 2022 invigdes den nya utst\u00e4llningen &#8221;Hur Vrigstad blev Vrigstad&#8221;. Syftet med utst\u00e4llningen \u00e4r att visa p\u00e5 Vrigstads historia och betydelsen av entrepren\u00f6rskap med Vrigstads entrepren\u00f6rer i fokus.<\/p>\n<p>Invigningen inleddes med att Bankg\u00e5rdens ordf\u00f6rande Mats Carlsson ber\u00e4ttade om hur stiftelsen kom till och hur Bankg\u00e5rden utvecklats sedan dess. Karl-Johan Krantz ber\u00e4ttade om hur utst\u00e4llningen kommit till och kort om dess inneh\u00e5ll. Innan den formella invigningen visades ocks\u00e5 en kort film om Vrigstads historia.<\/p>\n<figure id=\"attachment_878\" aria-describedby=\"caption-attachment-878\" style=\"width: 700px\" class=\"wp-caption alignnone\"><img loading=\"lazy\" decoding=\"async\" class=\"wp-image-878 size-full\" src=\"https:\/\/media.bankgarden.se\/220327_MC.jpg\" alt=\"\" width=\"700\" height=\"483\" srcset=\"https:\/\/media.bankgarden.se\/220327_MC.jpg 700w, https:\/\/media.bankgarden.se\/220327_MC-300x207.jpg 300w\" sizes=\"auto, (max-width: 700px) 100vw, 700px\" \/><figcaption id=\"caption-attachment-878\" class=\"wp-caption-text\">Mats Carlsson och Karl-Johan Krantz.<\/figcaption><\/figure>\n<figure id=\"attachment_877\" aria-describedby=\"caption-attachment-877\" style=\"width: 700px\" class=\"wp-caption alignnone\"><img loading=\"lazy\" decoding=\"async\" class=\"size-full wp-image-877\" src=\"https:\/\/media.bankgarden.se\/220327_AS.jpg\" alt=\"\" width=\"700\" height=\"324\" srcset=\"https:\/\/media.bankgarden.se\/220327_AS.jpg 700w, https:\/\/media.bankgarden.se\/220327_AS-300x139.jpg 300w\" sizes=\"auto, (max-width: 700px) 100vw, 700px\" \/><figcaption id=\"caption-attachment-877\" class=\"wp-caption-text\">Invigningstalet h\u00f6lls av Sparbanksstiftelsens vd Anna Swalander.<\/figcaption><\/figure>\n<figure id=\"attachment_874\" aria-describedby=\"caption-attachment-874\" style=\"width: 700px\" class=\"wp-caption alignnone\"><img loading=\"lazy\" decoding=\"async\" class=\"wp-image-874 size-full\" src=\"https:\/\/media.bankgarden.se\/220327_1.jpg\" alt=\"\" width=\"700\" height=\"385\" srcset=\"https:\/\/media.bankgarden.se\/220327_1.jpg 700w, https:\/\/media.bankgarden.se\/220327_1-300x165.jpg 300w\" sizes=\"auto, (max-width: 700px) 100vw, 700px\" \/><figcaption id=\"caption-attachment-874\" class=\"wp-caption-text\">Mingelg\u00e4ster bl.a. Rolf Andersson och tidigare ledamoten i Bankg\u00e5rdens styrelse Ingvar Melin.<\/figcaption><\/figure>\n<figure id=\"attachment_875\" aria-describedby=\"caption-attachment-875\" style=\"width: 700px\" class=\"wp-caption alignnone\"><img loading=\"lazy\" decoding=\"async\" class=\"size-full wp-image-875\" src=\"https:\/\/media.bankgarden.se\/220327_2.jpg\" alt=\"\" width=\"700\" height=\"382\" srcset=\"https:\/\/media.bankgarden.se\/220327_2.jpg 700w, https:\/\/media.bankgarden.se\/220327_2-300x164.jpg 300w\" sizes=\"auto, (max-width: 700px) 100vw, 700px\" \/><figcaption id=\"caption-attachment-875\" class=\"wp-caption-text\">Inger Malm och Kersti Frigert tittar p\u00e5 utst\u00e4llningen.<\/figcaption><\/figure>\n<figure id=\"attachment_876\" aria-describedby=\"caption-attachment-876\" style=\"width: 700px\" class=\"wp-caption alignnone\"><img loading=\"lazy\" decoding=\"async\" class=\"size-full wp-image-876\" src=\"https:\/\/media.bankgarden.se\/220327_3.jpg\" alt=\"\" width=\"700\" height=\"404\" srcset=\"https:\/\/media.bankgarden.se\/220327_3.jpg 700w, https:\/\/media.bankgarden.se\/220327_3-300x173.jpg 300w\" sizes=\"auto, (max-width: 700px) 100vw, 700px\" \/><figcaption id=\"caption-attachment-876\" class=\"wp-caption-text\">Jonas Olofsson och Jan Frigert minglar.<\/figcaption><\/figure>\n<p>Under pandemin har arbetet med en ny utst\u00e4llning om Vrigstad p\u00e5g\u00e5tti cirka tv\u00e5 \u00e5r. Delar av lokalerna har byggts om, filmer har tagits fram, bilder har kopierats och texter har skrivits. I utst\u00e4llningen skildrar vi hur Vrigstad har vuxit fram och stor tonvikt l\u00e4ggs bl.a. p\u00e5 alla de entrepren\u00f6rer som m\u00f6jliggjort den positiva utveckling som skett och sker i samh\u00e4llet.<\/p>\n<figure id=\"attachment_837\" aria-describedby=\"caption-attachment-837\" style=\"width: 700px\" class=\"wp-caption alignnone\"><img loading=\"lazy\" decoding=\"async\" class=\"size-full wp-image-837\" src=\"https:\/\/media.bankgarden.se\/Hur-Vd_2021.jpg\" alt=\"\" width=\"700\" height=\"413\" srcset=\"https:\/\/media.bankgarden.se\/Hur-Vd_2021.jpg 700w, https:\/\/media.bankgarden.se\/Hur-Vd_2021-300x177.jpg 300w\" sizes=\"auto, (max-width: 700px) 100vw, 700px\" \/><figcaption id=\"caption-attachment-837\" class=\"wp-caption-text\">Mats och Kerstin Carlsson samt Karl-Johan Krantz diskuterar hur utst\u00e4llningen ska s\u00e4ttas upp.<\/figcaption><\/figure>\n<figure id=\"attachment_849\" aria-describedby=\"caption-attachment-849\" style=\"width: 700px\" class=\"wp-caption alignnone\"><img loading=\"lazy\" decoding=\"async\" class=\"size-full wp-image-849\" src=\"https:\/\/media.bankgarden.se\/211116.jpg\" alt=\"\" width=\"700\" height=\"457\" srcset=\"https:\/\/media.bankgarden.se\/211116.jpg 700w, https:\/\/media.bankgarden.se\/211116-300x196.jpg 300w\" sizes=\"auto, (max-width: 700px) 100vw, 700px\" \/><figcaption id=\"caption-attachment-849\" class=\"wp-caption-text\">Stiftelsens styrelse tittar p\u00e5 hur arbetet med den nya utst\u00e4llningen fortskrider.<\/figcaption><\/figure>\n<p>&nbsp;<\/p>\n","protected":false},"excerpt":{"rendered":"<p>VRIGSTADENTREPREN\u00d6RER\u00a0&#8211; hur Vrigstad blev Vrigstad Filmer om hur Vrigstad blev Vrigstad &#8211; en historiebeskrivning med fokus p\u00e5 v\u00e5ra entrepren\u00f6rer. Film<\/p>\n","protected":false},"author":1,"featured_media":0,"parent":0,"menu_order":0,"comment_status":"closed","ping_status":"closed","template":"","meta":{"colormag_page_container_layout":"default_layout","colormag_page_sidebar_layout":"default_layout","footnotes":""},"class_list":["post-96","page","type-page","status-publish","hentry"],"_links":{"self":[{"href":"https:\/\/bankgarden.se\/index.php?rest_route=\/wp\/v2\/pages\/96","targetHints":{"allow":["GET"]}}],"collection":[{"href":"https:\/\/bankgarden.se\/index.php?rest_route=\/wp\/v2\/pages"}],"about":[{"href":"https:\/\/bankgarden.se\/index.php?rest_route=\/wp\/v2\/types\/page"}],"author":[{"embeddable":true,"href":"https:\/\/bankgarden.se\/index.php?rest_route=\/wp\/v2\/users\/1"}],"replies":[{"embeddable":true,"href":"https:\/\/bankgarden.se\/index.php?rest_route=%2Fwp%2Fv2%2Fcomments&post=96"}],"version-history":[{"count":36,"href":"https:\/\/bankgarden.se\/index.php?rest_route=\/wp\/v2\/pages\/96\/revisions"}],"predecessor-version":[{"id":907,"href":"https:\/\/bankgarden.se\/index.php?rest_route=\/wp\/v2\/pages\/96\/revisions\/907"}],"wp:attachment":[{"href":"https:\/\/bankgarden.se\/index.php?rest_route=%2Fwp%2Fv2%2Fmedia&parent=96"}],"curies":[{"name":"wp","href":"https:\/\/api.w.org\/{rel}","templated":true}]}}